{"id":604,"date":"2023-10-10T11:20:07","date_gmt":"2023-10-10T09:20:07","guid":{"rendered":"https:\/\/beta.ewattch-documentation.com\/?page_id=604"},"modified":"2024-04-15T08:38:00","modified_gmt":"2024-04-15T06:38:00","slug":"modbus-tcp","status":"publish","type":"page","link":"https:\/\/ewattch-documentation.com\/?page_id=604","title":{"rendered":"Modbus tcp"},"content":{"rendered":"\n<link rel='stylesheet' href='https:\/\/ewattch-documentation.com\/wp-content\/plugins\/documentor\/skins\/default\/style.css' type='text\/css' media='all' \/><div id=\"documentor-117\" class=\"documentor-default documentor-wrap\" data-docid = \"117\" data-epid = \"604\" ><div class=\"documentor-topicons doc-noprint\"><span class=\"doc-topiconswrap\"><span><form method=\"post\" class=\"save_docpdf\"><span class=\"save_secpdf\"> <img height=\"15\" width=\"15\" src=https:\/\/ewattch-documentation.com\/wp-content\/plugins\/documentor\/skins\/default\/images\/pdf.png > <\/span><input type=\"hidden\" name=\"doc_pdf\" value=\"document_pdf\" \/><input type=\"hidden\" name=\"doc_id\" value=\"117\"><\/form><\/span><a class=\"doc-print\" data-printspath=\"https:\/\/ewattch-documentation.com\/wp-content\/plugins\/documentor\/skins\/default\/print.css\"> <img height=\"15\" width=\"15\" src=https:\/\/ewattch-documentation.com\/wp-content\/plugins\/documentor\/skins\/default\/images\/document-print.png> <\/span><\/a><\/span><div class=\"cleardiv\"><\/div><div class=\"clrright\"><\/div><\/div><div class=\"document-wrapper\"><div class=\"doc-menu doc-noprint\"><span class=\"doc-search\">\n\t\t\t\t\t<input type=\"text\" name=\"search_document\" class=\"search-document\" placeholder=\"Search\" \/>\n\t\t\t\t\t<img decoding=\"async\" src=\"https:\/\/ewattch-documentation.com\/wp-content\/plugins\/documentor\/skins\/default\/images\/search.png\" \/>\n\t\t\t\t<\/span><div class=\"doc-menurelated\"><ol class=\"doc-list-front\"><li class=\"doc-actli\"><a class=\"documentor-menu\" href=\"#introduction-4\"   data-href=\"#introduction-4\" data-sec-counter=\"1\" data-section-id=\"1067\">Introduction<\/a><\/li><li class=\"doc-actli\"><a class=\"documentor-menu\" href=\"#caracteristiques-2\"   data-href=\"#caracteristiques-2\" data-sec-counter=\"2\" data-section-id=\"1070\">caract\u00e9ristiques<\/a><\/li><li class=\"doc-actli\"><a class=\"documentor-menu\" href=\"#configuration-dun-capteur-2\"   data-href=\"#configuration-dun-capteur-2\" data-sec-counter=\"3\" data-section-id=\"1068\">Configuration d'un capteur<\/a><\/li><li class=\"doc-actli\"><a class=\"documentor-menu\" href=\"#lecture-des-donnees-2\"   data-href=\"#lecture-des-donnees-2\" data-sec-counter=\"4\" data-section-id=\"1069\">Lecture des donn\u00e9es<\/a><\/li><\/ol><\/div><\/div><div class=\"doc-sec-container\" id=\"documentor_seccontainer\"><div class=\"doc-sectionwrap\" id=\"introduction-4_wrap\"><div class=\"documentor-section  section-1067\" id=\"introduction-4\" data-section-id=\"1067\"><h3 class=\"doc-sec-title\" > <span class=\"doc-sec-count\" style=\"display:inline-block\">1.<\/span><span class=\"title-text\">Introduction<\/span> <span class=\"doc-sec-link doc-noprint\" onclick=\"prompt('Press Ctrl + C, then Enter to copy to clipboard','https:\/\/ewattch-documentation.com\/index.php?rest_route=%2Fwp%2Fv2%2Fpages%2F604#introduction-4')\">#<\/span> <div class=\"documentor-social doc-noprint\"><\/div><\/h3><div class=\"doc-sec-content\" >Ce guide explique comment configurer et utiliser une Multitech en tant que passerelle LoRa vers Modbus TCP.\r\n\r\n\u00a0<\/div><div class=\"documentor-help\"><span class=\"doc-noprint doc-feedback\"><img src=https:\/\/ewattch-documentation.com\/wp-content\/plugins\/documentor\/skins\/default\/images\/feedback.png width=\"16\" height=\"16\" \/>\u00c9tait\n-\nce\n\u00a0\nutile\n\u00a0\n?<\/span>\n\t\t\t\t\t\t<span class=\"doc-noprint\"><a class=\"positive-feedback\" href=\"#\" > Oui <\/a><\/span> \n\t\t\t\t\t\t<span class=\"doc-noprint\"><a class=\"negative-feedback\" href=\"#\" > Pas <\/a><\/span><span class=\"doc-noprint doc_sedit\"><a title=\"Give suggestion\" href=\"#sugestedit_popup117\" rel=\"leanModal\" class=\"spopupopen\" >\n\t\t\t\t\t\t<span><img height=\"15\" width=\"15\" src=https:\/\/ewattch-documentation.com\/wp-content\/plugins\/documentor\/skins\/default\/images\/edit.png><\/span>Sugg\u00e9rer\n\u00a0de\u00a0\nmodifier <\/a><\/span><div class=\"negative-feedbackform doc-noprint\">\n\t\t\t\t\t<\/div><div class=\"feedback-msg doc-noprint\"><\/div><\/div><\/div><\/div><!--.\/doc-sectionwrap--><div class=\"doc-sectionwrap\" id=\"caracteristiques-2_wrap\"><div class=\"documentor-section  section-1070\" id=\"caracteristiques-2\" data-section-id=\"1070\"><h3 class=\"doc-sec-title\" > <span class=\"doc-sec-count\" style=\"display:inline-block\">2.<\/span><span class=\"title-text\">caract\u00e9ristiques<\/span> <span class=\"doc-sec-link doc-noprint\" onclick=\"prompt('Press Ctrl + C, then Enter to copy to clipboard','https:\/\/ewattch-documentation.com\/index.php?rest_route=%2Fwp%2Fv2%2Fpages%2F604#caracteristiques-2')\">#<\/span> <div class=\"documentor-social doc-noprint\"><\/div><\/h3><div class=\"doc-sec-content\" ><p>Nombre de registres maximum de la table: 600 registres de 16 bits<br \/><br \/>Capteurs et donn\u00e9es compatibles :<br \/><strong>Ambiance :<\/strong> Temp\u00e9rature, humidit\u00e9, luminosit\u00e9, pr\u00e9sence, CO2.<br \/><strong>Tynode :<\/strong> Comptage entr\u00e9es digitales, \u00e9tat entr\u00e9es digitales, temps entr\u00e9es digitales, mesure analogique, temp\u00e9rature.<br \/><strong>SquidV2 :<\/strong> Courant, cumul de courant.<br \/><strong>Squidpro :<\/strong> energie r\u00e9active produite et consomm\u00e9e, energie r\u00e9active produite et consomm\u00e9e, tension, fr\u00e9quence, courant.<br \/><strong>Tyness :<\/strong> Comptage entr\u00e9es digitales, \u00e9tat entr\u00e9es digitales, temp\u00e9rature, mesure analogique, cumul de courant.<\/p>\n\n\n<p><\/p>\n<\/div><div class=\"documentor-help\"><span class=\"doc-noprint doc-feedback\"><img src=https:\/\/ewattch-documentation.com\/wp-content\/plugins\/documentor\/skins\/default\/images\/feedback.png width=\"16\" height=\"16\" \/>\u00c9tait\n-\nce\n\u00a0\nutile\n\u00a0\n?<\/span>\n\t\t\t\t\t\t<span class=\"doc-noprint\"><a class=\"positive-feedback\" href=\"#\" > Oui <\/a><\/span> \n\t\t\t\t\t\t<span class=\"doc-noprint\"><a class=\"negative-feedback\" href=\"#\" > Pas <\/a><\/span><span class=\"doc-noprint doc_sedit\"><a title=\"Give suggestion\" href=\"#sugestedit_popup117\" rel=\"leanModal\" class=\"spopupopen\" >\n\t\t\t\t\t\t<span><img height=\"15\" width=\"15\" src=https:\/\/ewattch-documentation.com\/wp-content\/plugins\/documentor\/skins\/default\/images\/edit.png><\/span>Sugg\u00e9rer\n\u00a0de\u00a0\nmodifier <\/a><\/span><div class=\"negative-feedbackform doc-noprint\">\n\t\t\t\t\t<\/div><div class=\"feedback-msg doc-noprint\"><\/div><\/div><\/div><\/div><!--.\/doc-sectionwrap--><div class=\"doc-sectionwrap\" id=\"configuration-dun-capteur-2_wrap\"><div class=\"documentor-section  section-1068\" id=\"configuration-dun-capteur-2\" data-section-id=\"1068\"><h3 class=\"doc-sec-title\" > <span class=\"doc-sec-count\" style=\"display:inline-block\">3.<\/span><span class=\"title-text\">Configuration d'un capteur<\/span> <span class=\"doc-sec-link doc-noprint\" onclick=\"prompt('Press Ctrl + C, then Enter to copy to clipboard','https:\/\/ewattch-documentation.com\/index.php?rest_route=%2Fwp%2Fv2%2Fpages%2F604#configuration-dun-capteur-2')\">#<\/span> <div class=\"documentor-social doc-noprint\"><\/div><\/h3><div class=\"doc-sec-content\" ><p>Les \u00e9tapes suivantes d\u00e9crivent comment configurer la Multitech en tant que passerelle LoRa vers Modbus tcp.<\/p>\n<p>Commencez par vous connecter \u00e0 l&#8217;interface web de votre Multitech.<\/p>\n<h6>Provisionning<\/h6>\n<p>Dirigez-vous dans la section &#8220;Provisionning&#8221;.<\/p>\n<ul>\n<li>Renseignez un nom pour votre capteur<\/li>\n<li>s\u00e9lectionnez son type<\/li>\n<li>Rentrez ses 3 cl\u00e9s LoRaWan (DevEUI, AppEUI, et AppKey)<\/li>\n<\/ul>\n<p><img loading=\"lazy\" decoding=\"async\" class=\"aligncenter wp-image-4018 size-large\" src=\"https:\/\/ewattch-documentation.com\/wp-content\/uploads\/01-provisionning-1024x492.png\" alt=\"\" width=\"1024\" height=\"492\" srcset=\"https:\/\/ewattch-documentation.com\/wp-content\/uploads\/01-provisionning-1024x492.png 1024w, https:\/\/ewattch-documentation.com\/wp-content\/uploads\/01-provisionning-300x144.png 300w, https:\/\/ewattch-documentation.com\/wp-content\/uploads\/01-provisionning-150x72.png 150w, https:\/\/ewattch-documentation.com\/wp-content\/uploads\/01-provisionning-768x369.png 768w, https:\/\/ewattch-documentation.com\/wp-content\/uploads\/01-provisionning.png 1402w\" sizes=\"auto, (max-width: 1024px) 100vw, 1024px\" \/><\/p>\n<h6>Activation du Modbus<\/h6>\n<p>Votre capteur apparait d\u00e9sormais dans la section &#8220;My sensors&#8221;<\/p>\n<ul>\n<li>Cliquez sur la fl\u00e8che \u00e0 gauche du capteur afin de le d\u00e9ployer<\/li>\n<li>Cliquez sur l\u2019engrenage pour acc\u00e9der \u00e0 ses configurations<\/li>\n<\/ul>\n<p><img loading=\"lazy\" decoding=\"async\" class=\"aligncenter wp-image-4017 size-large\" src=\"https:\/\/ewattch-documentation.com\/wp-content\/uploads\/02-sensors-1024x389.png\" alt=\"\" width=\"1024\" height=\"389\" srcset=\"https:\/\/ewattch-documentation.com\/wp-content\/uploads\/02-sensors-1024x389.png 1024w, https:\/\/ewattch-documentation.com\/wp-content\/uploads\/02-sensors-300x114.png 300w, https:\/\/ewattch-documentation.com\/wp-content\/uploads\/02-sensors-150x57.png 150w, https:\/\/ewattch-documentation.com\/wp-content\/uploads\/02-sensors-768x292.png 768w, https:\/\/ewattch-documentation.com\/wp-content\/uploads\/02-sensors.png 1383w\" sizes=\"auto, (max-width: 1024px) 100vw, 1024px\" \/><\/p>\n<ul>\n<li>Cliquez sur la case &#8220;Modbus TCP&#8221;<\/li>\n<li>Cliquez sur la case &#8220;CONFIRM&#8221; afin de valider le Modbus pour ce capteur<\/li>\n<\/ul>\n<p><img loading=\"lazy\" decoding=\"async\" class=\"aligncenter wp-image-4016 size-large\" src=\"https:\/\/ewattch-documentation.com\/wp-content\/uploads\/03-enable-modbus-tcp-1024x491.png\" alt=\"\" width=\"1024\" height=\"491\" srcset=\"https:\/\/ewattch-documentation.com\/wp-content\/uploads\/03-enable-modbus-tcp-1024x491.png 1024w, https:\/\/ewattch-documentation.com\/wp-content\/uploads\/03-enable-modbus-tcp-300x144.png 300w, https:\/\/ewattch-documentation.com\/wp-content\/uploads\/03-enable-modbus-tcp-150x72.png 150w, https:\/\/ewattch-documentation.com\/wp-content\/uploads\/03-enable-modbus-tcp-768x368.png 768w, https:\/\/ewattch-documentation.com\/wp-content\/uploads\/03-enable-modbus-tcp.png 1399w\" sizes=\"auto, (max-width: 1024px) 100vw, 1024px\" \/><\/p>\n<h6>Configuration des donn\u00e9es<\/h6>\n<p>Les prochaines \u00e9tapes d\u00e9crivent comment ajouter les donn\u00e9es du capteur \u00e0 la table Modbus de la Multitech<\/p>\n<ul>\n<li>Tout d&#8217;abord, il faut que la Multitech re\u00e7oive une transmission contenant les donn\u00e9es du capteur. Les donn\u00e9es re\u00e7ues apparaitront dans la section sensors.<\/li>\n<li>Cliquez ensuite sur l\u2019engrenage pour acc\u00e9der \u00e0 la configuration du capteur<\/li>\n<\/ul>\n<p><img loading=\"lazy\" decoding=\"async\" class=\"aligncenter wp-image-4015 size-large\" src=\"https:\/\/ewattch-documentation.com\/wp-content\/uploads\/04-sensor-first-com-1024x473.png\" alt=\"\" width=\"1024\" height=\"473\" srcset=\"https:\/\/ewattch-documentation.com\/wp-content\/uploads\/04-sensor-first-com-1024x473.png 1024w, https:\/\/ewattch-documentation.com\/wp-content\/uploads\/04-sensor-first-com-300x139.png 300w, https:\/\/ewattch-documentation.com\/wp-content\/uploads\/04-sensor-first-com-150x69.png 150w, https:\/\/ewattch-documentation.com\/wp-content\/uploads\/04-sensor-first-com-768x355.png 768w, https:\/\/ewattch-documentation.com\/wp-content\/uploads\/04-sensor-first-com.png 1379w\" sizes=\"auto, (max-width: 1024px) 100vw, 1024px\" \/><\/p>\n<ul>\n<li>Cliquez \u00e0 nouveau sur l&#8217;engrenage pour acc\u00e9der \u00e0 la configuration Modbus du capteur<\/li>\n<\/ul>\n<p><img loading=\"lazy\" decoding=\"async\" class=\"aligncenter wp-image-4014 size-large\" src=\"https:\/\/ewattch-documentation.com\/wp-content\/uploads\/05-start-configure-modbus-tcp-1024x499.png\" alt=\"\" width=\"1024\" height=\"499\" srcset=\"https:\/\/ewattch-documentation.com\/wp-content\/uploads\/05-start-configure-modbus-tcp-1024x499.png 1024w, https:\/\/ewattch-documentation.com\/wp-content\/uploads\/05-start-configure-modbus-tcp-300x146.png 300w, https:\/\/ewattch-documentation.com\/wp-content\/uploads\/05-start-configure-modbus-tcp-150x73.png 150w, https:\/\/ewattch-documentation.com\/wp-content\/uploads\/05-start-configure-modbus-tcp-768x374.png 768w, https:\/\/ewattch-documentation.com\/wp-content\/uploads\/05-start-configure-modbus-tcp.png 1412w\" sizes=\"auto, (max-width: 1024px) 100vw, 1024px\" \/><\/p>\n<p>Les donn\u00e9es re\u00e7ues sont list\u00e9es dans cette page.<\/p>\n<ul>\n<li>S\u00e9lectionnez dans la colonne &#8220;Enable&#8221; les donn\u00e9es \u00e0 ajouter \u00e0 la table Modbus<\/li>\n<\/ul>\n<p><img loading=\"lazy\" decoding=\"async\" class=\"aligncenter wp-image-4013 size-large\" src=\"https:\/\/ewattch-documentation.com\/wp-content\/uploads\/06-before-activate-sensors-1024x628.png\" alt=\"\" width=\"1024\" height=\"628\" srcset=\"https:\/\/ewattch-documentation.com\/wp-content\/uploads\/06-before-activate-sensors-1024x628.png 1024w, https:\/\/ewattch-documentation.com\/wp-content\/uploads\/06-before-activate-sensors-300x184.png 300w, https:\/\/ewattch-documentation.com\/wp-content\/uploads\/06-before-activate-sensors-150x92.png 150w, https:\/\/ewattch-documentation.com\/wp-content\/uploads\/06-before-activate-sensors-768x471.png 768w, https:\/\/ewattch-documentation.com\/wp-content\/uploads\/06-before-activate-sensors.png 1392w\" sizes=\"auto, (max-width: 1024px) 100vw, 1024px\" \/><\/p>\n<p>Pour chaque donn\u00e9e il est possible de configurer son format dans la table Modbus, un facteur multiplicatif de mise \u00e0 l&#8217;\u00e9chelle, son adresse dans la table et son endianness.<br \/>\nLe bouton &#8220;AUTO FILL&#8221; permet de configurer automatiquement les adresses Modbus des donn\u00e9es.<\/p>\n<ul>\n<li>Configurez vos donn\u00e9es<\/li>\n<li>Cliquez sur le bouton &#8220;CONFIRM&#8221;<\/li>\n<\/ul>\n<p>Les prochaines donn\u00e9es re\u00e7ues par la Multitech seront d\u00e9sormais \u00e9crites et disponibles dans la table Modbus.<\/p>\n<p><img loading=\"lazy\" decoding=\"async\" class=\"aligncenter wp-image-4012 size-large\" src=\"https:\/\/ewattch-documentation.com\/wp-content\/uploads\/07-after-activate-sensors-1024x638.png\" alt=\"\" width=\"1024\" height=\"638\" srcset=\"https:\/\/ewattch-documentation.com\/wp-content\/uploads\/07-after-activate-sensors-1024x638.png 1024w, https:\/\/ewattch-documentation.com\/wp-content\/uploads\/07-after-activate-sensors-300x187.png 300w, https:\/\/ewattch-documentation.com\/wp-content\/uploads\/07-after-activate-sensors-150x93.png 150w, https:\/\/ewattch-documentation.com\/wp-content\/uploads\/07-after-activate-sensors-768x479.png 768w, https:\/\/ewattch-documentation.com\/wp-content\/uploads\/07-after-activate-sensors.png 1351w\" sizes=\"auto, (max-width: 1024px) 100vw, 1024px\" \/><\/p>\n<\/div><div class=\"documentor-help\"><span class=\"doc-noprint doc-feedback\"><img src=https:\/\/ewattch-documentation.com\/wp-content\/plugins\/documentor\/skins\/default\/images\/feedback.png width=\"16\" height=\"16\" \/>\u00c9tait\n-\nce\n\u00a0\nutile\n\u00a0\n?<\/span>\n\t\t\t\t\t\t<span class=\"doc-noprint\"><a class=\"positive-feedback\" href=\"#\" > Oui <\/a><\/span> \n\t\t\t\t\t\t<span class=\"doc-noprint\"><a class=\"negative-feedback\" href=\"#\" > Pas <\/a><\/span><span class=\"doc-noprint doc_sedit\"><a title=\"Give suggestion\" href=\"#sugestedit_popup117\" rel=\"leanModal\" class=\"spopupopen\" >\n\t\t\t\t\t\t<span><img height=\"15\" width=\"15\" src=https:\/\/ewattch-documentation.com\/wp-content\/plugins\/documentor\/skins\/default\/images\/edit.png><\/span>Sugg\u00e9rer\n\u00a0de\u00a0\nmodifier <\/a><\/span><div class=\"negative-feedbackform doc-noprint\">\n\t\t\t\t\t<\/div><div class=\"feedback-msg doc-noprint\"><\/div><\/div><\/div><\/div><!--.\/doc-sectionwrap--><div class=\"doc-sectionwrap\" id=\"lecture-des-donnees-2_wrap\"><div class=\"documentor-section  section-1069\" id=\"lecture-des-donnees-2\" data-section-id=\"1069\"><h3 class=\"doc-sec-title\" > <span class=\"doc-sec-count\" style=\"display:inline-block\">4.<\/span><span class=\"title-text\">Lecture des donn\u00e9es<\/span> <span class=\"doc-sec-link doc-noprint\" onclick=\"prompt('Press Ctrl + C, then Enter to copy to clipboard','https:\/\/ewattch-documentation.com\/index.php?rest_route=%2Fwp%2Fv2%2Fpages%2F604#lecture-des-donnees-2')\">#<\/span> <div class=\"documentor-social doc-noprint\"><\/div><\/h3><div class=\"doc-sec-content\" ><h6>Connexion \u00e0 la Multitech<\/h6>\n<p>La connexion \u00e0 la Multitech s&#8217;effectue sur le port standard du Modbus TCP le <strong>port 502<\/strong>.<\/p>\n<p>Les param\u00e8tres r\u00e9seau de la Multitech peuvent \u00eatre configur\u00e9s dans le menu &#8220;Configuration&#8221; et dans la section &#8220;R\u00e9seau&#8221;<\/p>\n<p><img loading=\"lazy\" decoding=\"async\" class=\"aligncenter wp-image-4011 size-large\" src=\"https:\/\/ewattch-documentation.com\/wp-content\/uploads\/network-1024x535.png\" alt=\"\" width=\"1024\" height=\"535\" srcset=\"https:\/\/ewattch-documentation.com\/wp-content\/uploads\/network-1024x535.png 1024w, https:\/\/ewattch-documentation.com\/wp-content\/uploads\/network-300x157.png 300w, https:\/\/ewattch-documentation.com\/wp-content\/uploads\/network-150x78.png 150w, https:\/\/ewattch-documentation.com\/wp-content\/uploads\/network-768x401.png 768w, https:\/\/ewattch-documentation.com\/wp-content\/uploads\/network.png 1336w\" sizes=\"auto, (max-width: 1024px) 100vw, 1024px\" \/><\/p>\n<h6>Lecture Modbus<\/h6>\n<p>La lecture des donn\u00e9es s&#8217;effectue au moyen de la commande read holding registers (code 0x03)<\/p>\n<p>La table Modbus compl\u00e8te est disponible en visualisation via le menu &#8220;Modbus table&#8221;<\/p>\n<p><img loading=\"lazy\" decoding=\"async\" class=\"aligncenter wp-image-4010 size-large\" src=\"https:\/\/ewattch-documentation.com\/wp-content\/uploads\/08-table-modbus-1024x687.png\" alt=\"\" width=\"1024\" height=\"687\" srcset=\"https:\/\/ewattch-documentation.com\/wp-content\/uploads\/08-table-modbus-1024x687.png 1024w, https:\/\/ewattch-documentation.com\/wp-content\/uploads\/08-table-modbus-300x201.png 300w, https:\/\/ewattch-documentation.com\/wp-content\/uploads\/08-table-modbus-150x101.png 150w, https:\/\/ewattch-documentation.com\/wp-content\/uploads\/08-table-modbus-768x515.png 768w, https:\/\/ewattch-documentation.com\/wp-content\/uploads\/08-table-modbus.png 1325w\" sizes=\"auto, (max-width: 1024px) 100vw, 1024px\" \/><\/p>\n<\/div><div class=\"documentor-help\"><span class=\"doc-noprint doc-feedback\"><img src=https:\/\/ewattch-documentation.com\/wp-content\/plugins\/documentor\/skins\/default\/images\/feedback.png width=\"16\" height=\"16\" \/>\u00c9tait\n-\nce\n\u00a0\nutile\n\u00a0\n?<\/span>\n\t\t\t\t\t\t<span class=\"doc-noprint\"><a class=\"positive-feedback\" href=\"#\" > Oui <\/a><\/span> \n\t\t\t\t\t\t<span class=\"doc-noprint\"><a class=\"negative-feedback\" href=\"#\" > Pas <\/a><\/span><span class=\"doc-noprint doc_sedit\"><a title=\"Give suggestion\" href=\"#sugestedit_popup117\" rel=\"leanModal\" class=\"spopupopen\" >\n\t\t\t\t\t\t<span><img height=\"15\" width=\"15\" src=https:\/\/ewattch-documentation.com\/wp-content\/plugins\/documentor\/skins\/default\/images\/edit.png><\/span>Sugg\u00e9rer\n\u00a0de\u00a0\nmodifier <\/a><\/span><div class=\"negative-feedbackform doc-noprint\">\n\t\t\t\t\t<\/div><div class=\"feedback-msg doc-noprint\"><\/div><\/div><\/div><\/div><!--.\/doc-sectionwrap--><div class=\"doc-credits\">Help Guide Powered by <a href=\"https:\/\/documentor.in\/?utm_source=plugin&utm_medium=footer&utm_campaign=powered-by\">Documentor<\/a><\/div><\/div><!--.doc-sec-container--><div id=\"sugestedit_popup117\" class=\"sugestedit_popup\">\n\t\t\t\t<a class=\"modal_close\"><\/a>\n\t\t\t\t<form name=\"documentor-suggestform\" method=\"post\" class=\"documentor-suggestform\">\n\t\t\t\t\t<div class=\"doc-frmdiv\" style=\"font-weight: bold;\">Sugg\u00e9rer\n\u00a0de\u00a0\nmodifier\n\t\t\t\t\t<\/div>\n\t\t\t\t\t<div class=\"doc-frmdiv\">\n\t\t\t\t\t\t<input type=\"text\" name=\"sec_title\" class=\"sedit-sectitle txtinput\" value=\"\" \/>\n\t\t\t\t\t<\/div><div class=\"doc-frmdiv\">\n\t\t\t\t\t\t\t<input type=\"text\" name=\"name\" class=\"txtinput\" placeholder=\"Nom\" required \/>\n\t\t\t\t\t\t<\/div><div class=\"doc-frmdiv\">\n\t\t\t\t\t\t\t<input type=\"email\" class=\"emailinput\" placeholder=\"Messagerie\n\" name=\"email\" required \/> \n\t\t\t\t\t\t<\/div><div class=\"doc-frmdiv\">\n\t\t\t\t\t\t\t<textarea name=\"content\" class=\"textareainput\" placeholder=\"Post your suggestion...\" required><\/textarea>\n\t\t\t\t\t\t<\/div><div class=\"doc-frmdiv\"><label> Captcha :&nbsp; <\/label><span class=\"doc-sedit-captcha\"><\/span><\/div><input type=\"hidden\" class=\"sedit-secid\" name=\"secid\" value=\"\" \/>\n\t\t\t\t\t<input type=\"hidden\" class=\"sedit-postid\" name=\"sedit_postid\" value=\"\" \/>\n\t\t\t\t\t<input type=\"hidden\" class=\"sedit-docid\" name=\"docid\" value=\"117\" \/>\n\t\t\t\t\t<button class=\"docsubmit-suggestform\"> Submit <\/button>\n\t\t\t\t<\/form>\n\t\t\t<\/div><script type=\"text\/javascript\">\n\t\t\tjQuery(document).ready(function(){\n\t\t\t\tjQuery(\"#documentor-117\").documentor({\n\t\t\t\t\tdocumentid\t: 117,\n\t\t\t\t\tdocid\t\t: \"documentor-117\",\n\t\t\t\t\tanimation\t: \"\",\n\t\t\t\t\tindexformat\t: \"1\",\n\t\t\t\t\tpformat\t\t: \"decimal\",\n\t\t\t\t\tcformat\t\t: \"decimal\",\t\t\t\t\t\n\t\t\t\t\tsecstyle\t: \"\",\n\t\t\t\t\tsecelement  : \"3\",\n\t\t\t\t\tactnavbg_default: \"1\",\n\t\t\t\t\tactnavbg_color\t: \"#f3b869\",\n\t\t\t\t\tenable_ajax\t: \"0\",\n\t\t\t\t\tload\t\t: \"0\",\n\t\t\t\t\tscrolling\t: \"1\",\n\t\t\t\t\tfixmenu\t\t: \"1\",\n\t\t\t\t\tskin\t\t: \"default\",\n\t\t\t\t\tscrollBarSize\t: \"3\",\n\t\t\t\t\tscrollBarColor\t: \"#F45349\",\n\t\t\t\t\tscrollBarOpacity: \"0.4\",\n\t\t\t\t\twindowprint\t: \"0\",\n\t\t\t\t\tmenuTop: \"0\",\n\t\t\t\t\tsocialshare\t: 0,\n\t\t\t\t\tsharecount\t: 1,\n\t\t\t\t\tfbshare\t\t: 1,\n\t\t\t\t\ttwittershare\t: 1,\n\t\t\t\t\tgplusshare\t: 1,\n\t\t\t\t\tpinshare\t: 1,\n\t\t\t\t\ttogglechild\t: 0,\n\t\t\t\t\tnoResultsStr: \"No results found!\",\n\t\t\t\t});\t\n\t\t\t});<\/script><div class=\"cleardiv cleardiv-rtl\"><\/div><\/div><!--\/.document-wrapper--><div class=\"cleardiv cleardiv-rtl\"><\/div><a class=\"scrollup doc-noprint\" style=\"display: block;\"><span class=\"icon-angle-up\"><\/span><\/a><\/div><div class=\"cleardiv\"> <\/div><div id=\"documentor-117-end\"><\/div>\n","protected":false},"excerpt":{"rendered":"Introductioncaract\u00e9ristiquesConfiguration d'un capteurLecture des donn\u00e9es 1.Introduction # Ce guide explique comment configurer et utiliser une Multitech en tant que passerelle LoRa vers Modbus TCP. \u00a0 \u00c9tait - ce \u00a0 utile \u00a0 ? Oui Pas Sugg\u00e9rer \u00a0de\u00a0 modifier 2.caract\u00e9ristiques # Nombre [...]","protected":false},"author":1,"featured_media":0,"parent":0,"menu_order":0,"comment_status":"closed","ping_status":"closed","template":"","meta":{"footnotes":""},"class_list":["post-604","page","type-page","status-publish","hentry"],"_links":{"self":[{"href":"https:\/\/ewattch-documentation.com\/index.php?rest_route=\/wp\/v2\/pages\/604","targetHints":{"allow":["GET"]}}],"collection":[{"href":"https:\/\/ewattch-documentation.com\/index.php?rest_route=\/wp\/v2\/pages"}],"about":[{"href":"https:\/\/ewattch-documentation.com\/index.php?rest_route=\/wp\/v2\/types\/page"}],"author":[{"embeddable":true,"href":"https:\/\/ewattch-documentation.com\/index.php?rest_route=\/wp\/v2\/users\/1"}],"replies":[{"embeddable":true,"href":"https:\/\/ewattch-documentation.com\/index.php?rest_route=%2Fwp%2Fv2%2Fcomments&post=604"}],"version-history":[{"count":2,"href":"https:\/\/ewattch-documentation.com\/index.php?rest_route=\/wp\/v2\/pages\/604\/revisions"}],"predecessor-version":[{"id":4002,"href":"https:\/\/ewattch-documentation.com\/index.php?rest_route=\/wp\/v2\/pages\/604\/revisions\/4002"}],"wp:attachment":[{"href":"https:\/\/ewattch-documentation.com\/index.php?rest_route=%2Fwp%2Fv2%2Fmedia&parent=604"}],"curies":[{"name":"wp","href":"https:\/\/api.w.org\/{rel}","templated":true}]}}