{"id":5546,"date":"2024-11-21T12:00:47","date_gmt":"2024-11-21T11:00:47","guid":{"rendered":"https:\/\/ewattch-documentation.com\/?page_id=5546"},"modified":"2025-04-11T15:13:47","modified_gmt":"2025-04-11T13:13:47","slug":"guide-multitech-demarrage-rapide","status":"publish","type":"page","link":"https:\/\/ewattch-documentation.com\/?page_id=5546","title":{"rendered":"Guide : Multitech &#8211; D\u00e9marrage rapide"},"content":{"rendered":"<div class=\"wpb-content-wrapper\"><p>[vc_row full_width=&#8221;stretch_row&#8221; enable_grid_lines=&#8221;&#8221;][vc_column][vc_column_text]<\/p>\n<h1 style=\"text-align: center;\">Multitech &#8211; D\u00e9marrage rapide<\/h1>\n<p>[\/vc_column_text][vc_empty_space]<div class=\"mkdf-separator-holder clearfix  mkdf-separator-center mkdf-separator-full-width\">\n\t<div class=\"mkdf-separator\" style=\"border-color: #e5e5e5\"><\/div>\n<\/div>\n[vc_column_text]<\/p>\n<h2 style=\"text-align: left;\">Objectif<\/h2>\n<p>[\/vc_column_text][vc_column_text]Ce document d\u00e9crit la proc\u00e9dure permettant de se connecter au serveur web de la MULTITECH avec firmware EWATTCH afin de la param\u00e9trer et de l&#8217;ajouter en temps que bo\u00eetier dans le Cloud EWATTCH[\/vc_column_text][vc_column_text]<\/p>\n<h2 style=\"text-align: left;\">Pr\u00e9-requis<\/h2>\n<p>[\/vc_column_text][vc_column_text]<\/p>\n<h5><strong>N\u00e9cessaire au d\u00e9marrage<br \/>\n<\/strong><\/h5>\n<ul>\n<li>Endroit d&#8217;installation avec une couverture Ethernet ou 4G<\/li>\n<li>Acc\u00e9der \u00e0 internet depuis le r\u00e9seau ethernet<\/li>\n<li>Prise de courant \u00e0 proximit\u00e9 de la Multitech<\/li>\n<li>Multitech en configuration usine<\/li>\n<li>Compte et structure sur Ewattch CLOUD<em><strong><br \/>\n<\/strong><\/em><\/li>\n<\/ul>\n<p>[\/vc_column_text][vc_empty_space][vc_column_text]<\/p>\n<h2 style=\"text-align: left;\">Proc\u00e9dure de d\u00e9marrage<\/h2>\n<p>[\/vc_column_text][\/vc_column][\/vc_row][vc_row full_width=&#8221;stretch_row&#8221; enable_grid_lines=&#8221;&#8221;][vc_column][vc_tta_accordion style=&#8221;modern&#8221; c_icon=&#8221;chevron&#8221; active_section=&#8221;0&#8243; collapsible_all=&#8221;true&#8221;][vc_tta_section title=&#8221;Etape 1 &#8211; Connexion Ethernet direct PC \u00e0 MULTITECH&#8221; tab_id=&#8221;1726498476828-4fac68c7-1da0&#8243;][vc_column_text css=&#8221;&#8221;]<\/p>\n<div class=\"page\" title=\"Page 2\">\n<div class=\"section\">\n<div class=\"layoutArea\">\n<div class=\"column\">\n<ul>\n<li>Brancher l&#8217;alimentation e\u0301lectrique de la MULTITECH<\/li>\n<li>Configurer la connexion Ethernet de l&#8217;ordinateur en adresse IP fixe 192.168.1.100<\/li>\n<li>V\u00e9rifier que la MULTITECH soit compl\u00e8tement d\u00e9marr\u00e9e ( LED Statut suivant le cycle : 2 clignotements sur 1 seconde, LED \u00e9teinte sur 1 seconde&#8230; )<\/li>\n<li>Brancher le c\u00e2ble Ethernet, ouvrir le navigateur Internet ( dans cette documentation Google Chrome est utilis\u00e9), dans la barre de navigation inscrire l&#8217;adresse IP suivante: http:\/\/192.168.1.197<\/li>\n<\/ul>\n<\/div>\n<\/div>\n<\/div>\n<\/div>\n<p>[\/vc_column_text][vc_empty_space][vc_single_image image=&#8221;5550&#8243; img_size=&#8221;large&#8221;][vc_empty_space][vc_column_text css=&#8221;&#8221;]<\/p>\n<div class=\"page\" title=\"Page 2\">\n<div class=\"section\">\n<div class=\"layoutArea\">\n<div class=\"column\">\n<div class=\"page\" title=\"Page 3\">\n<div class=\"section\">\n<div class=\"layoutArea\">\n<div class=\"column\">\n<ul>\n<li>Rentrez les identifiants : <strong>admin<\/strong> et le mot de passe : <strong>password<\/strong> afin de vous identifier. Nous vous recommandons fortement de modifier ces identifiants \u00e0 votre premi\u00e8re connexion. Vous avez de\u0301sormais acce\u0300s au parame\u0301trage de la MULTITECH<\/li>\n<\/ul>\n<\/div>\n<\/div>\n<\/div>\n<\/div>\n<\/div>\n<\/div>\n<\/div>\n<\/div>\n<p>[\/vc_column_text][vc_empty_space][vc_single_image image=&#8221;5551&#8243; img_size=&#8221;large&#8221;][vc_empty_space][\/vc_tta_section][vc_tta_section title=&#8221;Etape 1 &#8211; Connexion Ethernet par le r\u00e9seau&#8221; tab_id=&#8221;1732193691710-f694e090-51db&#8221;][vc_column_text css=&#8221;&#8221;]<\/p>\n<div class=\"page\" title=\"Page 2\">\n<div class=\"section\">\n<div class=\"layoutArea\">\n<div class=\"column\">\n<ul>\n<li>Brancher l&#8217;alimentation e\u0301lectrique de la MULTITECH<\/li>\n<li>Ve\u0301rifier que la MULTITECH soit comple\u0300tement de\u0301marre\u0301e ( LED Statut suivant le cycle : 2 clignotements sur 1 seconde, LED e\u0301teinte sur 1 seconde&#8230; )<\/li>\n<li>Brancher le ca\u0302ble Ethernet, ouvrir le navigateur Internet ( dans cette documentation Google Chrome est utilise\u0301), dans la barre de navigation inscrire l&#8217;adresse le nom d&#8217;ho\u0302te suivant : <strong>mtcdt-ewattch-&lt;3 dernieres parties de l&#8217;adresse MAC en minuscule&gt;.local <\/strong>(par exemple, pour une MULTITECH ayant pour adresse MAC 00:01:02:A3:B4:C5, le nom d&#8217;h\u00f4te sera <strong>mtcdt-ewattch-a3b4c5.local<\/strong><\/li>\n<\/ul>\n<\/div>\n<\/div>\n<\/div>\n<\/div>\n<p>[\/vc_column_text][vc_single_image image=&#8221;5552&#8243; img_size=&#8221;large&#8221;][vc_column_text css=&#8221;&#8221;]<\/p>\n<div class=\"page\" title=\"Page 2\">\n<div class=\"section\">\n<div class=\"layoutArea\">\n<div class=\"column\">\n<div class=\"page\" title=\"Page 3\">\n<div class=\"section\">\n<div class=\"layoutArea\">\n<div class=\"column\">\n<div class=\"page\" title=\"Page 4\">\n<div class=\"section\">\n<div class=\"layoutArea\">\n<div class=\"column\">\n<ul>\n<li>Rentrez les identifiants : <strong>admin<\/strong> et le mot de passe : <strong>password<\/strong> afin de vous identifier. Nous vous recommendons fortement de modifier ces identifiants \u00e0 votre premi\u00e8re connexion. Vous avez de\u0301sormais acce\u0300s au parame\u0301trage de la MULTITECH<\/li>\n<\/ul>\n<\/div>\n<\/div>\n<\/div>\n<\/div>\n<\/div>\n<\/div>\n<\/div>\n<\/div>\n<\/div>\n<\/div>\n<\/div>\n<\/div>\n<p>[\/vc_column_text][vc_single_image image=&#8221;5553&#8243; img_size=&#8221;large&#8221;][vc_empty_space][\/vc_tta_section][vc_tta_section title=&#8221;Etape 2 &#8211; Ajout du bo\u00eetier MULTITECH dans le Cloud Ewattch&#8221; tab_id=&#8221;1726498476840-ef406093-7a90&#8243;][vc_column_text css=&#8221;&#8221;]<\/p>\n<div class=\"page\" title=\"Page 5\">\n<div class=\"section\">\n<div class=\"layoutArea\">\n<div class=\"column\">\n<ul>\n<li>Tout en restant connecte\u0301 a\u0300 la MULTITECH, se connecter au Cloud Ewattch <strong>https:\/\/ewattch.cloud<\/strong> et aller dans la structure souhaite\u0301e. Cliquer sur le <strong>+ Ajouter un boitier<\/strong> dans la section <strong>boi\u0302tiers<\/strong><\/li>\n<\/ul>\n<\/div>\n<\/div>\n<\/div>\n<\/div>\n<p>[\/vc_column_text][vc_empty_space][vc_single_image image=&#8221;5573&#8243; img_size=&#8221;large&#8221; style=&#8221;vc_box_shadow&#8221;][vc_empty_space][vc_column_text]<\/p>\n<div class=\"page\" title=\"Page 5\">\n<div class=\"section\">\n<div class=\"layoutArea\">\n<div class=\"column\">\n<ul>\n<li>Entrer le <span style=\"color: #ff0000;\"><strong>nom que vous souhaitez donner au boi\u0302tier<\/strong><\/span>, entrer l&#8217;<span style=\"color: #99cc00;\"><strong>adresse Mac<\/strong><\/span> et la <span style=\"color: #3366ff;\"><strong>cle\u0301 API<\/strong> <\/span>( ces 2 dernie\u0300res informations sont reprises dans l&#8217;onglet Home du serveur Web de la MULTITECH). Cliquer sur sauvegarder<\/li>\n<\/ul>\n<\/div>\n<\/div>\n<\/div>\n<\/div>\n<p>[\/vc_column_text][vc_empty_space][vc_row_inner enable_grid_lines=&#8221;&#8221;][vc_column_inner width=&#8221;1\/2&#8243;][vc_single_image image=&#8221;5575&#8243; img_size=&#8221;large&#8221; style=&#8221;vc_box_shadow&#8221;][\/vc_column_inner][vc_column_inner width=&#8221;1\/2&#8243;][vc_single_image image=&#8221;5556&#8243; img_size=&#8221;large&#8221; style=&#8221;vc_box_shadow&#8221;][\/vc_column_inner][\/vc_row_inner][vc_empty_space][\/vc_tta_section][vc_tta_section title=&#8221;Etape 3 &#8211; Choix du canal de communication de la MULTITECH Ethernet ou GPRS&#8221; tab_id=&#8221;1726498486180-42b689a0-cb3a&#8221;][vc_column_text]<\/p>\n<div class=\"page\" title=\"Page 7\">\n<div class=\"section\">\n<div class=\"layoutArea\">\n<div class=\"column\">\n<p>Par de\u0301faut le canal de communication est en Ethernet, ci-dessous la proce\u0301dure pour le passer en GPRS :<\/p>\n<ul>\n<li>Se connecter a\u0300 la MULTITECH, cliquer sur l&#8217;onglet <span style=\"color: #ff0000;\"><strong>configuration<\/strong><\/span> puis <span style=\"color: #0000ff;\"><strong>PLATFORM<\/strong><\/span>, dans la partie <span style=\"color: #0000ff;\"><strong>interface se\u0301lectionner GPRS<\/strong><\/span><\/li>\n<\/ul>\n<\/div>\n<\/div>\n<\/div>\n<\/div>\n<p>[\/vc_column_text][vc_empty_space][vc_single_image image=&#8221;5557&#8243; img_size=&#8221;large&#8221; style=&#8221;vc_box_shadow&#8221;][vc_empty_space][\/vc_tta_section][vc_tta_section title=&#8221;Etape 4 &#8211; Provisionnement des capteur via le Cloud Ewattch&#8221; tab_id=&#8221;1726498487193-0d047ee9-e6bf&#8221;][vc_column_text]<\/p>\n<div class=\"page\" title=\"Page 8\">\n<div class=\"section\">\n<div class=\"layoutArea\">\n<div class=\"column\">\n<p><span style=\"color: #ff0000;\">Il est ne\u0301cessaire que la MULTITECH communique avec le Cloud Ewattch.( sans cela le provisionnement ne se fera pas sur la MULTITECH)<\/span><\/p>\n<\/div>\n<\/div>\n<\/div>\n<\/div>\n<div class=\"page\" title=\"Page 8\">\n<div class=\"section\">\n<div class=\"layoutArea\">\n<div class=\"column\">\n<ul>\n<li>Se connecter au Cloud Ewattch <strong>https:\/\/ewattch.cloud<\/strong> et aller dans la structure souhaite\u0301e, puis acce\u0301der au boi\u0302tier sur le quel les capteurs doivent e\u0302tre ajoute\u0301s en cliquant sur le nom du boi\u0302tier<\/li>\n<\/ul>\n<\/div>\n<\/div>\n<\/div>\n<\/div>\n<p>[\/vc_column_text][vc_empty_space][vc_single_image image=&#8221;5579&#8243; img_size=&#8221;large&#8221; style=&#8221;vc_box_shadow&#8221;][vc_empty_space][vc_column_text]<\/p>\n<div class=\"page\" title=\"Page 8\">\n<div class=\"section\">\n<div class=\"layoutArea\">\n<div class=\"column\">\n<ul>\n<li>Cliquer sur <strong>Liste des produits<\/strong> puis sur <strong>PROVISIONNER<\/strong><\/li>\n<\/ul>\n<\/div>\n<\/div>\n<\/div>\n<\/div>\n<p>[\/vc_column_text][vc_empty_space][vc_single_image image=&#8221;5580&#8243; img_size=&#8221;large&#8221; style=&#8221;vc_box_shadow&#8221;][vc_empty_space][vc_column_text]<\/p>\n<div class=\"page\" title=\"Page 9\">\n<div class=\"section\">\n<div class=\"layoutArea\">\n<div class=\"column\">\n<div class=\"page\" title=\"Page 9\">\n<div class=\"section\">\n<div class=\"layoutArea\">\n<div class=\"column\">\n<ul>\n<li>Choisir le type de capteur, ici capteur EWATTCH, puis se\u0301lection le mode\u0300le<\/li>\n<\/ul>\n<\/div>\n<\/div>\n<\/div>\n<\/div>\n<\/div>\n<\/div>\n<\/div>\n<\/div>\n<p>[\/vc_column_text][vc_empty_space][vc_row_inner enable_grid_lines=&#8221;&#8221;][vc_column_inner width=&#8221;1\/2&#8243;][vc_single_image image=&#8221;5581&#8243; img_size=&#8221;large&#8221; style=&#8221;vc_box_shadow&#8221;][\/vc_column_inner][vc_column_inner width=&#8221;1\/2&#8243;][vc_single_image image=&#8221;5582&#8243; img_size=&#8221;large&#8221; style=&#8221;vc_box_shadow&#8221;][\/vc_column_inner][\/vc_row_inner][vc_empty_space][vc_column_text]<\/p>\n<div class=\"page\" title=\"Page 9\">\n<div class=\"section\">\n<div class=\"layoutArea\">\n<div class=\"column\">\n<div class=\"page\" title=\"Page 9\">\n<div class=\"section\">\n<div class=\"layoutArea\">\n<div class=\"column\">\n<div class=\"page\" title=\"Page 10\">\n<div class=\"section\">\n<div class=\"layoutArea\">\n<div class=\"column\">\n<ul>\n<li><strong><span style=\"color: #ff0000;\">Entrer le nom souhaite\u0301<\/span><\/strong>, puis comple\u0301ter les champs <span style=\"color: #3366ff;\"><strong>Deveui<\/strong><\/span>, <span style=\"color: #0000ff;\"><strong>Appeui<\/strong><\/span> et <span style=\"color: #99cc00;\"><strong>Appkey<\/strong><\/span>, et cliquer sur sauvegarder<\/li>\n<\/ul>\n<\/div>\n<\/div>\n<\/div>\n<\/div>\n<\/div>\n<\/div>\n<\/div>\n<\/div>\n<\/div>\n<\/div>\n<\/div>\n<\/div>\n<p>[\/vc_column_text][vc_empty_space][vc_single_image image=&#8221;5584&#8243; img_size=&#8221;large&#8221; style=&#8221;vc_box_shadow&#8221;][vc_empty_space][vc_column_text]<\/p>\n<div class=\"page\" title=\"Page 9\">\n<div class=\"section\">\n<div class=\"layoutArea\">\n<div class=\"column\">\n<div class=\"page\" title=\"Page 9\">\n<div class=\"section\">\n<div class=\"layoutArea\">\n<div class=\"column\">\n<div class=\"page\" title=\"Page 10\">\n<div class=\"section\">\n<div class=\"layoutArea\">\n<div class=\"column\">\n<div class=\"page\" title=\"Page 11\">\n<div class=\"section\">\n<div class=\"layoutArea\">\n<div class=\"column\">\n<ul>\n<li>Pour visualiser le capteur, cliquer sur <strong>Liste des produits<\/strong> sur la passerelle, une fois le capteur provisionne\u0301 sur la MULTITECH son statut changera en provisionn\u00e9<\/li>\n<\/ul>\n<\/div>\n<\/div>\n<\/div>\n<\/div>\n<\/div>\n<\/div>\n<\/div>\n<\/div>\n<\/div>\n<\/div>\n<\/div>\n<\/div>\n<\/div>\n<\/div>\n<\/div>\n<\/div>\n<p>[\/vc_column_text][vc_empty_space][vc_single_image image=&#8221;5585&#8243; img_size=&#8221;large&#8221; style=&#8221;vc_box_shadow&#8221;][vc_empty_space][\/vc_tta_section][\/vc_tta_accordion][\/vc_column][\/vc_row]<\/p>\n<\/div>","protected":false},"excerpt":{"rendered":"<p>[vc_row full_width=&#8221;stretch_row&#8221; enable_grid_lines=&#8221;&#8221;][vc_column][vc_column_text] Multitech &#8211; D\u00e9marrage rapide [\/vc_column_text][vc_empty_space][vc_column_text] Objectif [\/vc_column_text][vc_column_text]Ce document d\u00e9crit la proc\u00e9dure permettant de se connecter au serveur web de la MULTITECH avec firmware EWATTCH afin de la param\u00e9trer et de l&#8217;ajouter en temps que bo\u00eetier dans le [&hellip;]<\/p>\n","protected":false},"author":3,"featured_media":0,"parent":0,"menu_order":0,"comment_status":"closed","ping_status":"closed","template":"","meta":{"footnotes":""},"class_list":["post-5546","page","type-page","status-publish","hentry"],"_links":{"self":[{"href":"https:\/\/ewattch-documentation.com\/index.php?rest_route=\/wp\/v2\/pages\/5546","targetHints":{"allow":["GET"]}}],"collection":[{"href":"https:\/\/ewattch-documentation.com\/index.php?rest_route=\/wp\/v2\/pages"}],"about":[{"href":"https:\/\/ewattch-documentation.com\/index.php?rest_route=\/wp\/v2\/types\/page"}],"author":[{"embeddable":true,"href":"https:\/\/ewattch-documentation.com\/index.php?rest_route=\/wp\/v2\/users\/3"}],"replies":[{"embeddable":true,"href":"https:\/\/ewattch-documentation.com\/index.php?rest_route=%2Fwp%2Fv2%2Fcomments&post=5546"}],"version-history":[{"count":20,"href":"https:\/\/ewattch-documentation.com\/index.php?rest_route=\/wp\/v2\/pages\/5546\/revisions"}],"predecessor-version":[{"id":5704,"href":"https:\/\/ewattch-documentation.com\/index.php?rest_route=\/wp\/v2\/pages\/5546\/revisions\/5704"}],"wp:attachment":[{"href":"https:\/\/ewattch-documentation.com\/index.php?rest_route=%2Fwp%2Fv2%2Fmedia&parent=5546"}],"curies":[{"name":"wp","href":"https:\/\/api.w.org\/{rel}","templated":true}]}}