{"id":5504,"date":"2024-11-20T16:51:53","date_gmt":"2024-11-20T15:51:53","guid":{"rendered":"https:\/\/ewattch-documentation.com\/?page_id=5504"},"modified":"2025-05-14T16:47:22","modified_gmt":"2025-05-14T14:47:22","slug":"multitech-2","status":"publish","type":"page","link":"https:\/\/ewattch-documentation.com\/?page_id=5504","title":{"rendered":"MULTITECH"},"content":{"rendered":"<div class=\"wpb-content-wrapper\"><p>[vc_row full_width=&#8221;stretch_row&#8221; enable_grid_lines=&#8221;&#8221;][vc_column][vc_column_text]<\/p>\n<h1 style=\"text-align: center;\">Documentation MULTITECH<\/h1>\n<p>[\/vc_column_text][vc_empty_space][vc_row_inner enable_grid_lines=&#8221;&#8221;][vc_column_inner][vc_column_text]<\/p>\n<h3 style=\"text-align: center;\">Documentation technique<\/h3>\n<p>[\/vc_column_text][vc_empty_space][vc_single_image image=&#8221;5505&#8243; img_size=&#8221;medium&#8221; alignment=&#8221;center&#8221; onclick=&#8221;custom_link&#8221; link=&#8221;https:\/\/ewattch-documentation.com\/?page_id=5513&#8243;][\/vc_column_inner][\/vc_row_inner][vc_empty_space height=&#8221;40px&#8221;]<div class=\"mkdf-separator-holder clearfix  mkdf-separator-center mkdf-separator-full-width\">\n\t<div class=\"mkdf-separator\" style=\"border-color: #e5e5e5\"><\/div>\n<\/div>\n[\/vc_column][\/vc_row][vc_row full_width=&#8221;stretch_row&#8221; enable_grid_lines=&#8221;&#8221;][vc_column][vc_empty_space height=&#8221;40px&#8221;][vc_column_text]<\/p>\n<h1 style=\"text-align: center;\">Guides<\/h1>\n<p>[\/vc_column_text][vc_empty_space][vc_row_inner enable_grid_lines=&#8221;&#8221;][vc_column_inner width=&#8221;1\/3&#8243;][\/vc_column_inner][vc_column_inner width=&#8221;1\/3&#8243;][vc_column_text]<\/p>\n<h3 style=\"text-align: center;\">D\u00e9marrage rapide<\/h3>\n<p>[\/vc_column_text][vc_empty_space height=&#8221;40px&#8221;][vc_single_image image=&#8221;5505&#8243; img_size=&#8221;medium&#8221; alignment=&#8221;center&#8221; onclick=&#8221;custom_link&#8221; link=&#8221;https:\/\/ewattch-documentation.com\/?page_id=5546&#8243;][\/vc_column_inner][vc_column_inner width=&#8221;1\/3&#8243;][\/vc_column_inner][\/vc_row_inner][vc_empty_space height=&#8221;40px&#8221;]<div class=\"mkdf-separator-holder clearfix  mkdf-separator-center mkdf-separator-full-width\">\n\t<div class=\"mkdf-separator\" style=\"border-color: #e5e5e5\"><\/div>\n<\/div>\n[\/vc_column][\/vc_row][vc_row full_width=&#8221;stretch_row&#8221; enable_grid_lines=&#8221;&#8221;][vc_column][vc_empty_space height=&#8221;40px&#8221;][vc_column_text]<\/p>\n<h1 style=\"text-align: center;\">T\u00e9l\u00e9chargements<\/h1>\n<p>[\/vc_column_text][vc_empty_space][vc_row_inner enable_grid_lines=&#8221;&#8221;][vc_column_inner width=&#8221;1\/2&#8243;][vc_column_text]<\/p>\n<h3 style=\"text-align: center;\">Firmwares<\/h3>\n<p>[\/vc_column_text][vc_empty_space height=&#8221;16px&#8221;][vc_btn title=&#8221;Ewattch Firmware Multitech passage V1 \u00e0 V2&#8243; align=&#8221;center&#8221; i_icon_fontawesome=&#8221;fa fa-download&#8221; button_block=&#8221;true&#8221; add_icon=&#8221;true&#8221; link=&#8221;url:https%3A%2F%2Fewattch-documentation.com%2Fwp-admin%2Fadmin-ajax.php%3Fjuwpfisadmin%3Dfalse%26action%3Dwpfd%26task%3Dfile.download%26wpfd_category_id%3D11%26wpfd_file_id%3D510|||&#8221;][vc_btn title=&#8221;Ewattch Firmware Multitech v2&#8243; align=&#8221;center&#8221; i_icon_fontawesome=&#8221;fa fa-download&#8221; button_block=&#8221;true&#8221; add_icon=&#8221;true&#8221; link=&#8221;url:https%3A%2F%2Fewattch-documentation.com%2Fwp-admin%2Fadmin-ajax.php%3Fjuwpfisadmin%3Dfalse%26action%3Dwpfd%26task%3Dfile.download%26wpfd_category_id%3D11%26wpfd_file_id%3D509|||&#8221;][vc_btn title=&#8221;Ewattch Firmware Multitech v3&#8243; align=&#8221;center&#8221; i_icon_fontawesome=&#8221;fas fa-download&#8221; css=&#8221;&#8221; button_block=&#8221;true&#8221; add_icon=&#8221;true&#8221; link=&#8221;url:https%3A%2F%2Fewattch-documentation.com%2Fwp-admin%2Fadmin-ajax.php%3Fjuwpfisadmin%3Dfalse%26action%3Dwpfd%26task%3Dfile.download%26wpfd_category_id%3D35%26wpfd_file_id%3D5706&#8243;][vc_column_text css=&#8221;&#8221;]<\/p>\n<p style=\"text-align: left;\">Le passage de la v2 \u00e0 la v3 de la multitech est impossible (le support mat\u00e9riel est diff\u00e9rent).<\/p>\n<p>[\/vc_column_text][\/vc_column_inner][vc_column_inner width=&#8221;1\/2&#8243;][vc_column_text css=&#8221;&#8221;]<\/p>\n<h3 style=\"text-align: center;\">Documentations diverses<\/h3>\n<p>[\/vc_column_text][vc_empty_space height=&#8221;16px&#8221;][vc_btn title=&#8221;Guide utilisateur : Modbus to cloud&#8221; align=&#8221;center&#8221; i_icon_fontawesome=&#8221;&#8221; css=&#8221;&#8221; button_block=&#8221;true&#8221; add_icon=&#8221;true&#8221; link=&#8221;url:https%3A%2F%2Fewattch-documentation.com%2Fwp-admin%2Fadmin-ajax.php%3Fjuwpfisadmin%3Dfalse%26action%3Dwpfd%26task%3Dfile.download%26wpfd_category_id%3D19%26wpfd_file_id%3D5770&#8243;][vc_btn title=&#8221;Guide utilisateur : LoraWan to Modbus (Modbus table)&#8221; align=&#8221;center&#8221; i_icon_fontawesome=&#8221;&#8221; css=&#8221;&#8221; button_block=&#8221;true&#8221; add_icon=&#8221;true&#8221; link=&#8221;url:https%3A%2F%2Fewattch-documentation.com%2F%3Fpage_id%3D604&#8243;][\/vc_column_inner][\/vc_row_inner][vc_empty_space height=&#8221;40px&#8221;][\/vc_column][\/vc_row]<\/p>\n<\/div>","protected":false},"excerpt":{"rendered":"<p>[vc_row full_width=&#8221;stretch_row&#8221; enable_grid_lines=&#8221;&#8221;][vc_column][vc_column_text] Documentation MULTITECH [\/vc_column_text][vc_empty_space][vc_row_inner enable_grid_lines=&#8221;&#8221;][vc_column_inner][vc_column_text] Documentation technique [\/vc_column_text][vc_empty_space][vc_single_image image=&#8221;5505&#8243; img_size=&#8221;medium&#8221; alignment=&#8221;center&#8221; onclick=&#8221;custom_link&#8221; link=&#8221;https:\/\/ewattch-documentation.com\/?page_id=5513&#8243;][\/vc_column_inner][\/vc_row_inner][vc_empty_space height=&#8221;40px&#8221;][\/vc_column][\/vc_row][vc_row full_width=&#8221;stretch_row&#8221; enable_grid_lines=&#8221;&#8221;][vc_column][vc_empty_space height=&#8221;40px&#8221;][vc_column_text] Guides [\/vc_column_text][vc_empty_space][vc_row_inner enable_grid_lines=&#8221;&#8221;][vc_column_inner width=&#8221;1\/3&#8243;][\/vc_column_inner][vc_column_inner width=&#8221;1\/3&#8243;][vc_column_text] D\u00e9marrage rapide [\/vc_column_text][vc_empty_space height=&#8221;40px&#8221;][vc_single_image image=&#8221;5505&#8243; img_size=&#8221;medium&#8221; alignment=&#8221;center&#8221; onclick=&#8221;custom_link&#8221; link=&#8221;https:\/\/ewattch-documentation.com\/?page_id=5546&#8243;][\/vc_column_inner][vc_column_inner width=&#8221;1\/3&#8243;][\/vc_column_inner][\/vc_row_inner][vc_empty_space height=&#8221;40px&#8221;][\/vc_column][\/vc_row][vc_row full_width=&#8221;stretch_row&#8221; enable_grid_lines=&#8221;&#8221;][vc_column][vc_empty_space height=&#8221;40px&#8221;][vc_column_text] T\u00e9l\u00e9chargements [\/vc_column_text][vc_empty_space][vc_row_inner [&hellip;]<\/p>\n","protected":false},"author":3,"featured_media":0,"parent":0,"menu_order":0,"comment_status":"closed","ping_status":"closed","template":"","meta":{"footnotes":""},"class_list":["post-5504","page","type-page","status-publish","hentry"],"_links":{"self":[{"href":"https:\/\/ewattch-documentation.com\/index.php?rest_route=\/wp\/v2\/pages\/5504","targetHints":{"allow":["GET"]}}],"collection":[{"href":"https:\/\/ewattch-documentation.com\/index.php?rest_route=\/wp\/v2\/pages"}],"about":[{"href":"https:\/\/ewattch-documentation.com\/index.php?rest_route=\/wp\/v2\/types\/page"}],"author":[{"embeddable":true,"href":"https:\/\/ewattch-documentation.com\/index.php?rest_route=\/wp\/v2\/users\/3"}],"replies":[{"embeddable":true,"href":"https:\/\/ewattch-documentation.com\/index.php?rest_route=%2Fwp%2Fv2%2Fcomments&post=5504"}],"version-history":[{"count":18,"href":"https:\/\/ewattch-documentation.com\/index.php?rest_route=\/wp\/v2\/pages\/5504\/revisions"}],"predecessor-version":[{"id":5773,"href":"https:\/\/ewattch-documentation.com\/index.php?rest_route=\/wp\/v2\/pages\/5504\/revisions\/5773"}],"wp:attachment":[{"href":"https:\/\/ewattch-documentation.com\/index.php?rest_route=%2Fwp%2Fv2%2Fmedia&parent=5504"}],"curies":[{"name":"wp","href":"https:\/\/api.w.org\/{rel}","templated":true}]}}