{"id":4935,"date":"2024-09-04T17:03:48","date_gmt":"2024-09-04T15:03:48","guid":{"rendered":"https:\/\/ewattch-documentation.com\/?page_id=4935"},"modified":"2024-11-20T08:49:06","modified_gmt":"2024-11-20T07:49:06","slug":"guide-tyvisor-reinitialisation","status":"publish","type":"page","link":"https:\/\/ewattch-documentation.com\/?page_id=4935","title":{"rendered":"Guide : Tyvisor &#8211; R\u00e9initialisation"},"content":{"rendered":"<div class=\"wpb-content-wrapper\"><p>[vc_row full_width=&#8221;stretch_row&#8221; enable_grid_lines=&#8221;&#8221;][vc_column][vc_column_text]<\/p>\n<h1 style=\"text-align: center;\">Tyvisor &#8211; R\u00e9initialisation<\/h1>\n<p>[\/vc_column_text][vc_empty_space]<div class=\"mkdf-separator-holder clearfix  mkdf-separator-center mkdf-separator-full-width\">\n\t<div class=\"mkdf-separator\" style=\"border-color: #e5e5e5\"><\/div>\n<\/div>\n[vc_column_text]<\/p>\n<h2 style=\"text-align: left;\">Objectif<\/h2>\n<p>[\/vc_column_text][vc_column_text]Ce guide vous montrera comment r\u00e9initialiser votre Tyvisor. Cela remettra le produit en configuration usine (r\u00e9initialisation des param\u00e8tres r\u00e9seau et des identifiants).[\/vc_column_text][vc_empty_space][vc_column_text]<\/p>\n<h2 style=\"text-align: left;\">Proc\u00e9dure de r\u00e9initialisation<\/h2>\n<p>[\/vc_column_text][\/vc_column][\/vc_row][vc_row full_width=&#8221;stretch_row&#8221; enable_grid_lines=&#8221;&#8221;][vc_column][vc_empty_space][vc_column_text]<\/p>\n<h5><strong>Etape 1 &#8211; D\u00e9branchez puis rebranchez l&#8217;alimentation du Tyvisor<\/strong><\/h5>\n<p>[\/vc_column_text][vc_empty_space][vc_single_image image=&#8221;4995&#8243; img_size=&#8221;medium&#8221; style=&#8221;vc_box_shadow&#8221;][vc_empty_space][\/vc_column][\/vc_row][vc_row full_width=&#8221;stretch_row&#8221; enable_grid_lines=&#8221;&#8221;][vc_column][vc_column_text]<\/p>\n<h5><strong>Etape 2 &#8211; Appuyez sur le bouton Reset \u00e0 l&#8217;arri\u00e8re du Tyvisor jusqu&#8217;\u00e0 ce que le bouton s&#8217;allume en rouge de mani\u00e8re fixe (cela peut prendre environ 30 secondes)<br \/>\n<\/strong><\/h5>\n<p>[\/vc_column_text][vc_empty_space][vc_single_image image=&#8221;4998&#8243; img_size=&#8221;medium&#8221; style=&#8221;vc_box_shadow&#8221;][vc_empty_space][\/vc_column][\/vc_row][vc_row full_width=&#8221;stretch_row&#8221; enable_grid_lines=&#8221;&#8221;][vc_column][vc_column_text]<\/p>\n<h5><strong>Etape 3 &#8211; Attendez que le Tyvisor red\u00e9marre. Vous pouvez effectuer la proc\u00e9dure de d\u00e9marrage rapide<br \/>\n<\/strong><\/h5>\n<p><a href=\"https:\/\/ewattch-documentation.com\/?page_id=4931\" target=\"_blank\" rel=\"noopener\">Guide : Tyvisor &#8211; D\u00e9marrage rapide<\/a>[\/vc_column_text][vc_empty_space][\/vc_column][\/vc_row]<\/p>\n<\/div>","protected":false},"excerpt":{"rendered":"<p>[vc_row full_width=&#8221;stretch_row&#8221; enable_grid_lines=&#8221;&#8221;][vc_column][vc_column_text] Tyvisor &#8211; R\u00e9initialisation [\/vc_column_text][vc_empty_space][vc_column_text] Objectif [\/vc_column_text][vc_column_text]Ce guide vous montrera comment r\u00e9initialiser votre Tyvisor. Cela remettra le produit en configuration usine (r\u00e9initialisation des param\u00e8tres r\u00e9seau et des identifiants).[\/vc_column_text][vc_empty_space][vc_column_text] Proc\u00e9dure de r\u00e9initialisation [\/vc_column_text][\/vc_column][\/vc_row][vc_row full_width=&#8221;stretch_row&#8221; enable_grid_lines=&#8221;&#8221;][vc_column][vc_empty_space][vc_column_text] Etape 1 &#8211; D\u00e9branchez [&hellip;]<\/p>\n","protected":false},"author":3,"featured_media":0,"parent":0,"menu_order":0,"comment_status":"closed","ping_status":"closed","template":"","meta":{"footnotes":""},"class_list":["post-4935","page","type-page","status-publish","hentry"],"_links":{"self":[{"href":"https:\/\/ewattch-documentation.com\/index.php?rest_route=\/wp\/v2\/pages\/4935","targetHints":{"allow":["GET"]}}],"collection":[{"href":"https:\/\/ewattch-documentation.com\/index.php?rest_route=\/wp\/v2\/pages"}],"about":[{"href":"https:\/\/ewattch-documentation.com\/index.php?rest_route=\/wp\/v2\/types\/page"}],"author":[{"embeddable":true,"href":"https:\/\/ewattch-documentation.com\/index.php?rest_route=\/wp\/v2\/users\/3"}],"replies":[{"embeddable":true,"href":"https:\/\/ewattch-documentation.com\/index.php?rest_route=%2Fwp%2Fv2%2Fcomments&post=4935"}],"version-history":[{"count":8,"href":"https:\/\/ewattch-documentation.com\/index.php?rest_route=\/wp\/v2\/pages\/4935\/revisions"}],"predecessor-version":[{"id":5501,"href":"https:\/\/ewattch-documentation.com\/index.php?rest_route=\/wp\/v2\/pages\/4935\/revisions\/5501"}],"wp:attachment":[{"href":"https:\/\/ewattch-documentation.com\/index.php?rest_route=%2Fwp%2Fv2%2Fmedia&parent=4935"}],"curies":[{"name":"wp","href":"https:\/\/api.w.org\/{rel}","templated":true}]}}