{"id":4931,"date":"2024-09-04T16:44:45","date_gmt":"2024-09-04T14:44:45","guid":{"rendered":"https:\/\/ewattch-documentation.com\/?page_id=4931"},"modified":"2026-02-19T16:26:06","modified_gmt":"2026-02-19T15:26:06","slug":"guide-tyvisor-demarrage-rapide","status":"publish","type":"page","link":"https:\/\/ewattch-documentation.com\/?page_id=4931","title":{"rendered":"Guide : Tyvisor &#8211; D\u00e9marrage rapide"},"content":{"rendered":"<div class=\"wpb-content-wrapper\"><p>[vc_row full_width=&#8221;stretch_row&#8221; enable_grid_lines=&#8221;&#8221;][vc_column][vc_column_text]<\/p>\n<h1 style=\"text-align: center;\">Tyvisor &#8211; D\u00e9marrage rapide<\/h1>\n<p>[\/vc_column_text][vc_empty_space]<div class=\"mkdf-separator-holder clearfix  mkdf-separator-center mkdf-separator-full-width\">\n\t<div class=\"mkdf-separator\" style=\"border-color: #e5e5e5\"><\/div>\n<\/div>\n[vc_column_text]<\/p>\n<h2 style=\"text-align: left;\">Objectif<\/h2>\n<p>[\/vc_column_text][vc_column_text]Ce guide vous montrera comment d\u00e9marrer rapidement un Tyvisor afin d&#8217;afficher vos dashboards Ewattch.[\/vc_column_text][vc_column_text]<\/p>\n<h2 style=\"text-align: left;\">Pr\u00e9-requis<\/h2>\n<p>[\/vc_column_text][vc_column_text]<\/p>\n<h5><strong>N\u00e9cessaire au d\u00e9marrage<br \/>\n<\/strong><\/h5>\n<ul>\n<li>Endroit d&#8217;installation avec une couverture Wifi ou Ethernet<\/li>\n<li>Acc\u00e9der \u00e0 internet depuis le Tyvisor<\/li>\n<li>Prise de courant ou alimentation USBC 5V \u00e0 proximit\u00e9 du Tyvisor<\/li>\n<li>Tyvisor en configuration usine<\/li>\n<li>C\u00e2ble micro HDMI vers HDMI<\/li>\n<li>\u00c9cran avec connecteur HDMI<em><strong><br \/>\n<\/strong><\/em><\/li>\n<\/ul>\n<p>[\/vc_column_text][vc_empty_space][vc_column_text]<\/p>\n<h2 style=\"text-align: left;\">Proc\u00e9dure de d\u00e9marrage<\/h2>\n<p>[\/vc_column_text][\/vc_column][\/vc_row][vc_row full_width=&#8221;stretch_row&#8221; enable_grid_lines=&#8221;&#8221;][vc_column][vc_tta_accordion style=&#8221;modern&#8221; c_icon=&#8221;chevron&#8221; active_section=&#8221;0&#8243; collapsible_all=&#8221;true&#8221;][vc_tta_section title=&#8221;Etape 1 &#8211; Raccordez le produit&#8221; tab_id=&#8221;1726498476828-4fac68c7-1da0&#8243;][vc_single_image image=&#8221;5020&#8243; img_size=&#8221;medium&#8221;][vc_column_text]<\/p>\n<ul>\n<li>Branchez votre <strong>c\u00e2ble micro HDMI vers HDMI<\/strong> au Tyvisor ainsi qu&#8217;\u00e0 votre \u00e9cran<!-- notionvc: 7fe2a73a-d2e6-4a3c-b81a-1ad5e89fac75 --><\/li>\n<li><strong>Alimentez le produit en 5VDC<\/strong> via la prise USBC pr\u00e9sente sur le c\u00f4t\u00e9 du boitier<\/li>\n<li>Votre produit sera <strong>d\u00e9marr\u00e9<\/strong> \u00e0 <strong>l&#8217;arr\u00eat du clignotement du bouton reset<\/strong> ou \u00e0 <strong>l&#8217;affichage de l&#8217;\u00e9cran d&#8217;accueil EWATTCH<\/strong> sur votre \u00e9cran. Le d\u00e9marrage peut prendre jusqu&#8217;\u00e0 2 minutes<\/li>\n<\/ul>\n<p>[\/vc_column_text][vc_empty_space][\/vc_tta_section][vc_tta_section title=&#8221;Etape 2 &#8211; Configuration du r\u00e9seau Wifi (Ignorer si raccord\u00e9 en Ethernet)&#8221; tab_id=&#8221;1726498476840-ef406093-7a90&#8243;][vc_column_text]<\/p>\n<ul>\n<li>Connectez vous en wifi au hotspot &#8220;<strong>EwTyvisor:XX:XX<\/strong>&#8221; terminant par les 4 derniers caract\u00e8res de son adresse MAC (dans l&#8217;exemple : EwTyvisor:76:be)<\/li>\n<li>Le mot de passe du hotspot vous a \u00e9t\u00e9 envoy\u00e9 par mail \u00e0 la commande du Tyvisor<\/li>\n<li><strong>ATTENTION<\/strong> Si le hotspot n&#8217;est pas visible sur le r\u00e9seau, effectuez une proc\u00e9dure de r\u00e9initialisation du produit : <strong><a href=\"https:\/\/ewattch-documentation.com\/?page_id=4935\">REINITIALISATION TYVISOR<\/a><\/strong><\/li>\n<\/ul>\n<p>[\/vc_column_text][vc_empty_space][vc_single_image image=&#8221;5408&#8243; img_size=&#8221;large&#8221; style=&#8221;vc_box_shadow&#8221;][vc_empty_space][vc_column_text]<\/p>\n<ul>\n<li>Ouvrer un navigateur et connectez vous sur le site <strong>http:\/\/tyvisor-xxxx.local, xxxx <\/strong>\u00e9tant les 4 derniers caract\u00e8res de l&#8217;adresse MAC (<strong>http:\/\/tyvisor-76be.local dans l&#8217;exemple<\/strong>)<!-- notionvc: 7fe2a73a-d2e6-4a3c-b81a-1ad5e89fac75 --><\/li>\n<li>D\u00e9finissez votre login et votre mot de passe (si c&#8217;est votre premi\u00e8re connexion)<\/li>\n<li>Identifiez vous<br \/>\n<!-- notionvc: 7fe2a73a-d2e6-4a3c-b81a-1ad5e89fac75 --><\/li>\n<\/ul>\n<p>[\/vc_column_text][vc_empty_space][vc_row_inner enable_grid_lines=&#8221;&#8221;][vc_column_inner width=&#8221;1\/2&#8243;][vc_single_image image=&#8221;5420&#8243; img_size=&#8221;large&#8221; style=&#8221;vc_box_shadow&#8221;][\/vc_column_inner][vc_column_inner width=&#8221;1\/2&#8243;][vc_single_image image=&#8221;4949&#8243; img_size=&#8221;large&#8221; style=&#8221;vc_box_shadow&#8221;][\/vc_column_inner][\/vc_row_inner][vc_empty_space][vc_column_text]<\/p>\n<ul>\n<li>Allez dans configuration et renseigner les param\u00e8tres de configuration de votre wifi (<strong>SSID<\/strong> et <strong>cl\u00e9 wifi<\/strong>) et validez. Le Tyvisor red\u00e9marrera pour prendre en compte le param\u00e9trage wifi<\/li>\n<li>Vous allez \u00eatre d\u00e9connect\u00e9 du hotsport wifi du Tyvisor et il sera d\u00e9sormais accessible \u00e0 l&#8217;adresse <strong>http:\/\/tyvisor-xxxx.local, xxxx\u00a0<\/strong>\u00e9tant les 4 derniers caract\u00e8res de l\u2019adresse MAC (<strong>http:\/\/tyvisor-76be.local dans l\u2019exemple<\/strong>) ou depuis son adresse IP\u00a0<strong>(http:\/\/10.0.0.160 dans l\u2019exemple)<\/strong><\/li>\n<\/ul>\n<p>[\/vc_column_text][vc_empty_space][vc_row_inner enable_grid_lines=&#8221;&#8221;][vc_column_inner width=&#8221;1\/3&#8243;][vc_single_image image=&#8221;4950&#8243; img_size=&#8221;large&#8221; style=&#8221;vc_box_shadow&#8221;][\/vc_column_inner][vc_column_inner width=&#8221;1\/3&#8243;][vc_single_image image=&#8221;4951&#8243; img_size=&#8221;large&#8221; style=&#8221;vc_box_shadow&#8221;][\/vc_column_inner][vc_column_inner width=&#8221;1\/3&#8243;][vc_single_image image=&#8221;4952&#8243; img_size=&#8221;large&#8221; style=&#8221;vc_box_shadow&#8221;][\/vc_column_inner][\/vc_row_inner][vc_empty_space][\/vc_tta_section][vc_tta_section title=&#8221;Etape 2 &#8211; Configuration du r\u00e9seau Ethernet (Ignorer si connect\u00e9 en Wifi)&#8221; tab_id=&#8221;1726498486180-42b689a0-cb3a&#8221;][vc_column_text]<\/p>\n<h5>Vous avez un DHCP<\/h5>\n<ul>\n<li>Branchez votre produit en RJ45<\/li>\n<li>D\u00e9branchez l&#8217;alimentation 5V du Tyvisor puis rebranchez la pour le red\u00e9marrer<\/li>\n<\/ul>\n<h5>Vous n&#8217;avez pas de DHCP<\/h5>\n<ul>\n<li>Connectez vous en wifi au hotspot &#8220;<strong>EwTyvisor:XX:XX<\/strong>&#8221; terminant par les 4 derniers caract\u00e8res de son adresse MAC (dans l&#8217;exemple : EwTyvisor:76:be)<\/li>\n<li>Le mot de passe du hotspot vous a \u00e9t\u00e9 envoy\u00e9 par mail \u00e0 la commande du Tyvisor<\/li>\n<li><strong>ATTENTION<\/strong> Si le hotspot n&#8217;est pas visible sur le r\u00e9seau, effectuez une proc\u00e9dure de r\u00e9initialisation du produit : <strong><a href=\"https:\/\/ewattch-documentation.com\/?page_id=4935\">REINITIALISATION TYVISOR<\/a><\/strong><\/li>\n<\/ul>\n<p>[\/vc_column_text][vc_empty_space][vc_single_image image=&#8221;5408&#8243; img_size=&#8221;large&#8221; style=&#8221;vc_box_shadow&#8221;][vc_empty_space][vc_column_text]<\/p>\n<ul>\n<li>Une fois connect\u00e9, branchez votre produit en RJ45<\/li>\n<li>Ouvrer un navigateur et connectez vous sur le site <strong>http:\/\/tyvisor-xxxx.local, xxxx <\/strong>\u00e9tant les 4 derniers caract\u00e8res de l&#8217;adresse MAC (<strong>http:\/\/tyvisor-76be.local dans l&#8217;exemple<\/strong>)<!-- notionvc: 7fe2a73a-d2e6-4a3c-b81a-1ad5e89fac75 --><\/li>\n<li>D\u00e9finissez votre login et votre mot de passe (si c&#8217;est votre premi\u00e8re connexion)<\/li>\n<li>Identifiez vous<\/li>\n<\/ul>\n<p>[\/vc_column_text][vc_empty_space][vc_row_inner enable_grid_lines=&#8221;&#8221;][vc_column_inner width=&#8221;1\/2&#8243;][vc_single_image image=&#8221;5420&#8243; img_size=&#8221;large&#8221; style=&#8221;vc_box_shadow&#8221;][\/vc_column_inner][vc_column_inner width=&#8221;1\/2&#8243;][vc_single_image image=&#8221;4949&#8243; img_size=&#8221;large&#8221; style=&#8221;vc_box_shadow&#8221;][\/vc_column_inner][\/vc_row_inner][vc_empty_space][vc_column_text]<\/p>\n<ul>\n<li>Allez dans configuration et renseigner les param\u00e8tres de configuration de votre r\u00e9seau Ethernet. <strong>N&#8217;oubliez pas de valider<\/strong>. Le Tyvisor red\u00e9marre pour prendre en compte le param\u00e9trage Ethernet<\/li>\n<li>Vous allez \u00eatre d\u00e9connect\u00e9 du hotsport wifi du Tyvisor et il sera d\u00e9sormais accessible depuis le r\u00e9seau local param\u00e9tr\u00e9 pr\u00e9c\u00e9demment\u00a0sur le site <strong>http:\/\/tyvisor-xxxx.local, xxxx <\/strong>\u00e9tant les 4 derniers caract\u00e8res de l&#8217;adresse MAC (<strong>http:\/\/tyvisor-76be.local dans l&#8217;exemple<\/strong>) ou depuis son adresse IP <strong>(http:\/\/10.0.0.160 dans l&#8217;exemple)<\/strong><\/li>\n<\/ul>\n<p>[\/vc_column_text][vc_empty_space][vc_row_inner enable_grid_lines=&#8221;&#8221;][vc_column_inner width=&#8221;1\/4&#8243;][vc_single_image image=&#8221;4950&#8243; img_size=&#8221;large&#8221; style=&#8221;vc_box_shadow&#8221;][\/vc_column_inner][vc_column_inner width=&#8221;1\/4&#8243;][vc_single_image image=&#8221;4951&#8243; img_size=&#8221;large&#8221; style=&#8221;vc_box_shadow&#8221;][\/vc_column_inner][vc_column_inner width=&#8221;1\/4&#8243;][vc_single_image image=&#8221;4954&#8243; img_size=&#8221;large&#8221; style=&#8221;vc_box_shadow&#8221;][\/vc_column_inner][vc_column_inner width=&#8221;1\/4&#8243;][vc_single_image image=&#8221;4956&#8243; img_size=&#8221;large&#8221; style=&#8221;vc_box_shadow&#8221;][\/vc_column_inner][\/vc_row_inner][vc_empty_space][\/vc_tta_section][vc_tta_section title=&#8221;Etape 3 &#8211; Configuration Ewattch cloud&#8221; tab_id=&#8221;1726498487193-0d047ee9-e6bf&#8221;][vc_column_text]<\/p>\n<ul>\n<li>Mettez vous sur le m\u00eame r\u00e9seau que votre Tyvisor et tapez l&#8217;adresse <strong>http:\/\/tyvisor-xxxx.local, xxxx\u00a0<\/strong>\u00e9tant les 4 derniers caract\u00e8res de l\u2019adresse MAC (<strong>http:\/\/tyvisor-76be.local dans l\u2019exemple<\/strong>) ou depuis son adresse IP\u00a0<strong>(http:\/\/10.0.0.160 dans l\u2019exemple)<\/strong><\/li>\n<li>Identifiez-vous et r\u00e9cup\u00e9rez l&#8217;<strong>adresse MAC<\/strong> ainsi que la <strong>cl\u00e9 API<\/strong><\/li>\n<\/ul>\n<p>[\/vc_column_text][vc_empty_space][vc_row_inner enable_grid_lines=&#8221;&#8221;][vc_column_inner width=&#8221;1\/2&#8243;][vc_single_image image=&#8221;4949&#8243; img_size=&#8221;large&#8221; style=&#8221;vc_box_shadow&#8221;][\/vc_column_inner][vc_column_inner width=&#8221;1\/2&#8243;][vc_single_image image=&#8221;4957&#8243; img_size=&#8221;large&#8221; style=&#8221;vc_box_shadow&#8221;][\/vc_column_inner][\/vc_row_inner][vc_empty_space][vc_column_text]<\/p>\n<ul>\n<li>Connectez vous \u00e0 votre compte sur <strong>https:\/\/ewattch.cloud<\/strong><\/li>\n<li>Depuis votre structure dans <strong>Gestion de parc<\/strong>, ajoutez un boitier de type <strong>Tyvisor<\/strong><\/li>\n<\/ul>\n<p>[\/vc_column_text][vc_empty_space][vc_row_inner enable_grid_lines=&#8221;&#8221;][vc_column_inner width=&#8221;1\/2&#8243;][vc_single_image image=&#8221;5857&#8243; img_size=&#8221;large&#8221; style=&#8221;vc_box_shadow&#8221; css=&#8221;&#8221;][\/vc_column_inner][vc_column_inner width=&#8221;1\/2&#8243;][vc_single_image image=&#8221;5858&#8243; img_size=&#8221;large&#8221; style=&#8221;vc_box_shadow&#8221; css=&#8221;&#8221;][\/vc_column_inner][\/vc_row_inner][vc_empty_space][vc_column_text]<\/p>\n<ul>\n<li>Choisissez un <strong>nom<\/strong> pour votre Tyvisor et renseignez l<strong>&#8216;adresse MAC<\/strong> et la <strong>cl\u00e9 API<\/strong><\/li>\n<\/ul>\n<p>[\/vc_column_text][vc_empty_space][vc_single_image image=&#8221;5859&#8243; img_size=&#8221;large&#8221; style=&#8221;vc_box_shadow&#8221; css=&#8221;&#8221;][vc_empty_space][\/vc_tta_section][vc_tta_section title=&#8221;Etape 4 &#8211; Choix des dashboards sur Ewattch cloud&#8221; tab_id=&#8221;1726498706164-a727ed03-d2d1&#8243;][vc_column_text]<\/p>\n<ul>\n<li>Dans <strong>Gestion de parc<\/strong>, rendez-vous sur votre Tyvisor<\/li>\n<\/ul>\n<p>[\/vc_column_text][vc_empty_space][vc_column_text]<\/p>\n<ul>\n<li>Choisissez les Dashboards \u00e0 afficher ainsi que le temps d&#8217;affichage et enregistrez<\/li>\n<\/ul>\n<p>[\/vc_column_text][vc_empty_space][vc_row_inner enable_grid_lines=&#8221;&#8221;][vc_column_inner width=&#8221;1\/2&#8243;][vc_single_image image=&#8221;4964&#8243; img_size=&#8221;large&#8221; style=&#8221;vc_box_shadow&#8221;][\/vc_column_inner][vc_column_inner width=&#8221;1\/2&#8243;][vc_single_image image=&#8221;4965&#8243; img_size=&#8221;large&#8221; style=&#8221;vc_box_shadow&#8221;][\/vc_column_inner][\/vc_row_inner][vc_empty_space][\/vc_tta_section][vc_tta_section title=&#8221;Annexe 1 &#8211; Changer la r\u00e9solution ou l&#8217;orientation de l&#8217;\u00e9cran&#8221; tab_id=&#8221;1726818065160-b58edef1-e9eb&#8221;][vc_column_text]<\/p>\n<ul>\n<li>Mettez vous sur le m\u00eame r\u00e9seau que votre Tyvisor et tapez l&#8217;adresse <strong>http:\/\/tyvisor-xxxx.local, xxxx\u00a0<\/strong>\u00e9tant les 4 derniers caract\u00e8res de l\u2019adresse MAC (<strong>http:\/\/tyvisor-76be.local dans l\u2019exemple<\/strong>) ou depuis son adresse IP\u00a0<strong>(http:\/\/10.0.0.160 dans l\u2019exemple)<\/strong><\/li>\n<li>Identifiez-vous et rendez vous dans <strong>Configuration<\/strong> puis <strong>R\u00e9solution d&#8217;\u00e9cran<\/strong><\/li>\n<\/ul>\n<p>[\/vc_column_text][vc_empty_space][vc_row_inner enable_grid_lines=&#8221;&#8221;][vc_column_inner width=&#8221;1\/3&#8243;][vc_single_image image=&#8221;4949&#8243; img_size=&#8221;large&#8221; style=&#8221;vc_box_shadow&#8221;][\/vc_column_inner][vc_column_inner width=&#8221;1\/3&#8243;][vc_single_image image=&#8221;5027&#8243; img_size=&#8221;large&#8221; style=&#8221;vc_box_shadow&#8221;][\/vc_column_inner][vc_column_inner width=&#8221;1\/3&#8243;][vc_single_image image=&#8221;5028&#8243; img_size=&#8221;large&#8221; style=&#8221;vc_box_shadow&#8221;][\/vc_column_inner][\/vc_row_inner][vc_empty_space][vc_column_text]<\/p>\n<h5>Changement de r\u00e9solution<\/h5>\n<ul>\n<li>S\u00e9lectionnez la <strong>r\u00e9solution<\/strong> d\u00e9sir\u00e9e et <strong>validez<\/strong> votre choix. <strong>L&#8217;interface red\u00e9marre<\/strong> (cela prend quelques secondes)<\/li>\n<\/ul>\n<p>[\/vc_column_text][vc_empty_space][vc_row_inner enable_grid_lines=&#8221;&#8221;][vc_column_inner width=&#8221;1\/3&#8243;][vc_single_image image=&#8221;5030&#8243; img_size=&#8221;large&#8221; style=&#8221;vc_box_shadow&#8221;][\/vc_column_inner][vc_column_inner width=&#8221;1\/3&#8243;][vc_single_image image=&#8221;5031&#8243; img_size=&#8221;large&#8221; style=&#8221;vc_box_shadow&#8221;][\/vc_column_inner][vc_column_inner width=&#8221;1\/3&#8243;][vc_single_image image=&#8221;5033&#8243; img_size=&#8221;large&#8221; style=&#8221;vc_box_shadow&#8221;][\/vc_column_inner][\/vc_row_inner][vc_empty_space][vc_column_text]<\/p>\n<h5>Changement d&#8217;orientation<\/h5>\n<ul>\n<li>S\u00e9lectionnez l&#8217;orientation d\u00e9sir\u00e9e et <strong>validez<\/strong> votre choix. <strong>L&#8217;interface red\u00e9marre<\/strong> (cela prend quelques secondes)<\/li>\n<\/ul>\n<p>[\/vc_column_text][vc_empty_space][vc_row_inner enable_grid_lines=&#8221;&#8221;][vc_column_inner width=&#8221;1\/3&#8243;][vc_single_image image=&#8221;5029&#8243; img_size=&#8221;large&#8221; style=&#8221;vc_box_shadow&#8221;][\/vc_column_inner][vc_column_inner width=&#8221;1\/3&#8243;][vc_single_image image=&#8221;5032&#8243; img_size=&#8221;large&#8221; style=&#8221;vc_box_shadow&#8221;][\/vc_column_inner][vc_column_inner width=&#8221;1\/3&#8243;][vc_single_image image=&#8221;5033&#8243; img_size=&#8221;large&#8221; style=&#8221;vc_box_shadow&#8221;][\/vc_column_inner][\/vc_row_inner][vc_empty_space][\/vc_tta_section][\/vc_tta_accordion][\/vc_column][\/vc_row]<\/p>\n<\/div>","protected":false},"excerpt":{"rendered":"<p>[vc_row full_width=&#8221;stretch_row&#8221; enable_grid_lines=&#8221;&#8221;][vc_column][vc_column_text] Tyvisor &#8211; D\u00e9marrage rapide [\/vc_column_text][vc_empty_space][vc_column_text] Objectif [\/vc_column_text][vc_column_text]Ce guide vous montrera comment d\u00e9marrer rapidement un Tyvisor afin d&#8217;afficher vos dashboards Ewattch.[\/vc_column_text][vc_column_text] Pr\u00e9-requis [\/vc_column_text][vc_column_text] N\u00e9cessaire au d\u00e9marrage Endroit d&#8217;installation avec une couverture Wifi ou Ethernet Acc\u00e9der \u00e0 internet depuis [&hellip;]<\/p>\n","protected":false},"author":3,"featured_media":0,"parent":0,"menu_order":0,"comment_status":"closed","ping_status":"closed","template":"","meta":{"footnotes":""},"class_list":["post-4931","page","type-page","status-publish","hentry"],"_links":{"self":[{"href":"https:\/\/ewattch-documentation.com\/index.php?rest_route=\/wp\/v2\/pages\/4931","targetHints":{"allow":["GET"]}}],"collection":[{"href":"https:\/\/ewattch-documentation.com\/index.php?rest_route=\/wp\/v2\/pages"}],"about":[{"href":"https:\/\/ewattch-documentation.com\/index.php?rest_route=\/wp\/v2\/types\/page"}],"author":[{"embeddable":true,"href":"https:\/\/ewattch-documentation.com\/index.php?rest_route=\/wp\/v2\/users\/3"}],"replies":[{"embeddable":true,"href":"https:\/\/ewattch-documentation.com\/index.php?rest_route=%2Fwp%2Fv2%2Fcomments&post=4931"}],"version-history":[{"count":53,"href":"https:\/\/ewattch-documentation.com\/index.php?rest_route=\/wp\/v2\/pages\/4931\/revisions"}],"predecessor-version":[{"id":5861,"href":"https:\/\/ewattch-documentation.com\/index.php?rest_route=\/wp\/v2\/pages\/4931\/revisions\/5861"}],"wp:attachment":[{"href":"https:\/\/ewattch-documentation.com\/index.php?rest_route=%2Fwp%2Fv2%2Fmedia&parent=4931"}],"curies":[{"name":"wp","href":"https:\/\/api.w.org\/{rel}","templated":true}]}}