{"id":4326,"date":"2024-07-04T09:37:00","date_gmt":"2024-07-04T07:37:00","guid":{"rendered":"https:\/\/ewattch-documentation.com\/?page_id=4326"},"modified":"2024-07-04T09:39:01","modified_gmt":"2024-07-04T07:39:01","slug":"guide-ambiance-calibration-co2","status":"publish","type":"page","link":"https:\/\/ewattch-documentation.com\/?page_id=4326","title":{"rendered":"Guide : Ambiance &#8211; Calibration CO2"},"content":{"rendered":"<div class=\"wpb-content-wrapper\"><p>[vc_row full_width=&#8221;stretch_row&#8221; enable_grid_lines=&#8221;&#8221;][vc_column][vc_column_text]<\/p>\n<h1 style=\"text-align: center;\">Ambiance &#8211; Calibration CO2<\/h1>\n<p>[\/vc_column_text][vc_empty_space]<div class=\"mkdf-separator-holder clearfix  mkdf-separator-center mkdf-separator-full-width\">\n\t<div class=\"mkdf-separator\" style=\"border-color: #e5e5e5\"><\/div>\n<\/div>\n[vc_column_text]<\/p>\n<h2 style=\"text-align: left;\">Objectif<\/h2>\n<p>[\/vc_column_text][vc_column_text]Ce guide vous montrera comment calibrer la mesure de CO2 \u00e0 partir d&#8217;une mesure de r\u00e9f\u00e9rence.[\/vc_column_text][vc_column_text]<\/p>\n<h2 style=\"text-align: left;\">Pr\u00e9-requis<\/h2>\n<p>[\/vc_column_text][vc_column_text]<\/p>\n<h5><strong>N\u00e9cessaire pour la calibration du CO2 d&#8217;un ambiance<br \/>\n<\/strong><\/h5>\n<p>-1 x Ambiance avec mesure de CO2<\/p>\n<p>-1 x PC avec le configurateur de l&#8217;ambiance install\u00e9 (<a href=\"https:\/\/ewattch-documentation.com\/?page_id=540\"><strong>t\u00e9l\u00e9chargements<\/strong><\/a>)<\/p>\n<p>-1 x c\u00e2ble micro usb<\/p>\n<p>-1 x appareil de mesure du CO2 de r\u00e9f\u00e9rence[\/vc_column_text][vc_empty_space][vc_column_text]<\/p>\n<h2 style=\"text-align: left;\">Proc\u00e9dure de calibration<\/h2>\n<p>[\/vc_column_text][vc_empty_space][\/vc_column][\/vc_row][vc_row full_width=&#8221;stretch_row&#8221; enable_grid_lines=&#8221;&#8221;][vc_column][vc_column_text]<\/p>\n<h5><strong>Etape 1<br \/>\n<\/strong><\/h5>\n<p>D\u00e9marrez le logiciel de configuration sur votre PC puis d\u00e9montez le panneau arri\u00e8re du capteur pour brancher le c\u00e2ble micro USB.[\/vc_column_text][vc_empty_space][vc_single_image image=&#8221;4327&#8243; img_size=&#8221;large&#8221; style=&#8221;vc_box_shadow&#8221;][vc_empty_space][\/vc_column][\/vc_row][vc_row full_width=&#8221;stretch_row&#8221; enable_grid_lines=&#8221;&#8221;][vc_column][vc_column_text]<\/p>\n<h5><strong>Etape 2<br \/>\n<\/strong><\/h5>\n<p>Sur votre PC, branchez le c\u00e2ble micro USB puis connectez vous au port qui appara\u00eet sur le logiciel de configuration.[\/vc_column_text][vc_empty_space][vc_single_image image=&#8221;4328&#8243; img_size=&#8221;large&#8221; style=&#8221;vc_box_shadow&#8221;][vc_empty_space][\/vc_column][\/vc_row][vc_row full_width=&#8221;stretch_row&#8221; enable_grid_lines=&#8221;&#8221;][vc_column][vc_column_text]<\/p>\n<h5><strong>Etape 3<br \/>\n<\/strong><\/h5>\n<p>Rendez-vous dans Mode (Simple) puis s\u00e9lectionnez Mode Advanced.[\/vc_column_text][vc_empty_space][vc_single_image image=&#8221;4332&#8243; img_size=&#8221;large&#8221; style=&#8221;vc_box_shadow&#8221;][vc_empty_space][\/vc_column][\/vc_row][vc_row full_width=&#8221;stretch_row&#8221; enable_grid_lines=&#8221;&#8221;][vc_column][vc_column_text]<\/p>\n<h5><strong>Etape 4<br \/>\n<\/strong><\/h5>\n<p>Rendez-vous dans l&#8217;onglet CO2 puis dans Calibration config.[\/vc_column_text][vc_empty_space][vc_single_image image=&#8221;4329&#8243; img_size=&#8221;large&#8221; style=&#8221;vc_box_shadow&#8221;][vc_empty_space][\/vc_column][\/vc_row][vc_row full_width=&#8221;stretch_row&#8221; enable_grid_lines=&#8221;&#8221;][vc_column][vc_column_text]<\/p>\n<h5><strong>Etape 5<br \/>\n<\/strong><\/h5>\n<p>Vous pourrez voir la mesure actuelle \u00e0 gauche de la fen\u00eatre (1), renseigner la valeur cible obtenue \u00e0 partir de l&#8217;appareil de mesure de r\u00e9f\u00e9rence (2) et ainsi appuyer sur le bouton calibrate afin de calibrer l&#8217;ambiance sur cette valeur de r\u00e9f\u00e9rence (3). Il s&#8217;agit d&#8217;une calibration en un point.[\/vc_column_text][vc_empty_space][vc_single_image image=&#8221;4333&#8243; img_size=&#8221;large&#8221; style=&#8221;vc_box_shadow&#8221;][vc_empty_space][\/vc_column][\/vc_row][vc_row full_width=&#8221;stretch_row&#8221; enable_grid_lines=&#8221;&#8221;][vc_column][vc_column_text]<\/p>\n<h5><strong>Etape 6<br \/>\n<\/strong><\/h5>\n<p>Apr\u00e8s la calibration, il suffit d&#8217;attendre l&#8217;apparition du message &#8220;OK, calibration with target value&#8221; dans l&#8217;onglet &#8220;Calibration status&#8221;.[\/vc_column_text][vc_empty_space][vc_single_image image=&#8221;4334&#8243; img_size=&#8221;large&#8221; style=&#8221;vc_box_shadow&#8221;][vc_empty_space][\/vc_column][\/vc_row]<\/p>\n<\/div>","protected":false},"excerpt":{"rendered":"<p>[vc_row full_width=&#8221;stretch_row&#8221; enable_grid_lines=&#8221;&#8221;][vc_column][vc_column_text] Ambiance &#8211; Calibration CO2 [\/vc_column_text][vc_empty_space][vc_column_text] Objectif [\/vc_column_text][vc_column_text]Ce guide vous montrera comment calibrer la mesure de CO2 \u00e0 partir d&#8217;une mesure de r\u00e9f\u00e9rence.[\/vc_column_text][vc_column_text] Pr\u00e9-requis [\/vc_column_text][vc_column_text] N\u00e9cessaire pour la calibration du CO2 d&#8217;un ambiance -1 x Ambiance avec mesure [&hellip;]<\/p>\n","protected":false},"author":3,"featured_media":0,"parent":0,"menu_order":0,"comment_status":"closed","ping_status":"closed","template":"","meta":{"footnotes":""},"class_list":["post-4326","page","type-page","status-publish","hentry"],"_links":{"self":[{"href":"https:\/\/ewattch-documentation.com\/index.php?rest_route=\/wp\/v2\/pages\/4326","targetHints":{"allow":["GET"]}}],"collection":[{"href":"https:\/\/ewattch-documentation.com\/index.php?rest_route=\/wp\/v2\/pages"}],"about":[{"href":"https:\/\/ewattch-documentation.com\/index.php?rest_route=\/wp\/v2\/types\/page"}],"author":[{"embeddable":true,"href":"https:\/\/ewattch-documentation.com\/index.php?rest_route=\/wp\/v2\/users\/3"}],"replies":[{"embeddable":true,"href":"https:\/\/ewattch-documentation.com\/index.php?rest_route=%2Fwp%2Fv2%2Fcomments&post=4326"}],"version-history":[{"count":5,"href":"https:\/\/ewattch-documentation.com\/index.php?rest_route=\/wp\/v2\/pages\/4326\/revisions"}],"predecessor-version":[{"id":4339,"href":"https:\/\/ewattch-documentation.com\/index.php?rest_route=\/wp\/v2\/pages\/4326\/revisions\/4339"}],"wp:attachment":[{"href":"https:\/\/ewattch-documentation.com\/index.php?rest_route=%2Fwp%2Fv2%2Fmedia&parent=4326"}],"curies":[{"name":"wp","href":"https:\/\/api.w.org\/{rel}","templated":true}]}}