{"id":4302,"date":"2024-07-03T16:36:06","date_gmt":"2024-07-03T14:36:06","guid":{"rendered":"https:\/\/ewattch-documentation.com\/?page_id=4302"},"modified":"2026-03-05T13:41:14","modified_gmt":"2026-03-05T12:41:14","slug":"rak-edge-lite-2-extension-dun-reseau-lorawan","status":"publish","type":"page","link":"https:\/\/ewattch-documentation.com\/?page_id=4302","title":{"rendered":"Extension Lora &#8211; Quickstart &#8211; Avant juillet 2025"},"content":{"rendered":"<div class=\"wpb-content-wrapper\"><p>[vc_row full_width=&#8221;stretch_row&#8221; enable_grid_lines=&#8221;&#8221;][vc_column][vc_column_text css=&#8221;&#8221;]<\/p>\n<h1 style=\"text-align: center;\">Extension LoRa<\/h1>\n<p>[\/vc_column_text][vc_empty_space]<div class=\"mkdf-separator-holder clearfix  mkdf-separator-center mkdf-separator-full-width\">\n\t<div class=\"mkdf-separator\" style=\"border-color: #e5e5e5\"><\/div>\n<\/div>\n[vc_column_text]<\/p>\n<h2 style=\"text-align: left;\">Pr\u00e9sentation<\/h2>\n<p>[\/vc_column_text][vc_column_text]La RAK WisGate Edge lite 2 permet de venir compl\u00e9ter votre solution Ewattch pour faire office de packet forwarder afin d&#8217;<strong>\u00e9tendre la couverture LoraWan d&#8217;une Multitech Ewattch<\/strong>[\/vc_column_text][vc_column_text]<\/p>\n<h2 style=\"text-align: left;\">Pr\u00e9-requis<\/h2>\n<p>[\/vc_column_text][vc_column_text]<\/p>\n<h5><strong>N\u00e9cessaire pour l&#8217;extension d&#8217;un r\u00e9seau LoraWan<\/strong><\/h5>\n<ul>\n<li>Multitech Ewattch : <strong>IP fixe<\/strong> ou <strong>DHCP avec IP r\u00e9serv\u00e9e<\/strong> et connue. <strong>R\u00e9seau Ethernet<\/strong><\/li>\n<li>RAK Edge lite 2 sur le m\u00eame r\u00e9seau Ethernet que la Multitech Ewattch<\/li>\n<li>Ouverture des ports <strong>80, 123<\/strong>, <strong>443<\/strong>, <strong>1780<\/strong> et <strong>1782<\/strong> sur le r\u00e9seau pour la RAK<\/li>\n<li>Serveur NTP disponible sur le r\u00e9seau local<\/li>\n<\/ul>\n<p>[\/vc_column_text][vc_column_text]<\/p>\n<h2 style=\"text-align: left;\">Sch\u00e9ma de communication<\/h2>\n<p>[\/vc_column_text][vc_single_image image=&#8221;5233&#8243; img_size=&#8221;full&#8221;][vc_empty_space][vc_column_text]<\/p>\n<h2 style=\"text-align: left;\">Proc\u00e9dure de param\u00e9trage<\/h2>\n<p>[\/vc_column_text][vc_column_text]<\/p>\n<h5><strong>Etape 1<\/strong><\/h5>\n<ul>\n<li>Connectez vous au r\u00e9seau wifi de la RAK (<strong>RAK7268V2_XXXX<\/strong>). Saisissez l\u2019adresse IP <strong><span class=\"notion-enable-hover\" data-token-index=\"1\">192.168.230.1<\/span><\/strong> sur un navigateur et rentrez le login <span class=\"notion-enable-hover\" data-token-index=\"3\">: <strong>root <\/strong>et le mot de passe par d\u00e9faut : <strong>EwattchRak88!<\/strong><!-- notionvc: 676f68b2-d5cb-4629-a527-195f0666cc14 --><\/span> <!-- notionvc: 7fe2a73a-d2e6-4a3c-b81a-1ad5e89fac75 --><\/li>\n<li>Pensez \u00e0 bien modifier votre mot de passe par la suite<\/li>\n<\/ul>\n<p>[\/vc_column_text][vc_empty_space][vc_single_image image=&#8221;4319&#8243; img_size=&#8221;large&#8221; style=&#8221;vc_box_shadow&#8221;][vc_empty_space][vc_single_image image=&#8221;5103&#8243; img_size=&#8221;large&#8221; style=&#8221;vc_box_shadow&#8221;][vc_empty_space][vc_single_image image=&#8221;5100&#8243; img_size=&#8221;large&#8221; style=&#8221;vc_box_shadow&#8221;][vc_empty_space][vc_column_text]<\/p>\n<h5><strong>Etape 2<\/strong><\/h5>\n<ul>\n<li>Une fois connect\u00e9 rendez-vous dans la configuration : Deuxi\u00e8me ic\u00f4ne en partant du haut sur le menu de gauche<\/li>\n<li>D\u00e9roulez la partie <strong>Protocol<\/strong>. Dans la section <span class=\"notion-enable-hover\" data-token-index=\"3\">UDP Protocol parameters<\/span> saisissez <strong>l\u2019adresse IP de la passerelle ma\u00eetre<\/strong> (Multitech) dans <span class=\"notion-enable-hover\" data-token-index=\"5\">Server address<\/span>. Contr\u00f4lez que le <span class=\"notion-enable-hover\" data-token-index=\"7\"><strong>Server port up<\/strong><\/span><strong> est <span class=\"notion-enable-hover\" data-token-index=\"9\">1780 <\/span><\/strong>et que le <strong><span class=\"notion-enable-hover\" data-token-index=\"11\">Server port down<\/span> est <span class=\"notion-enable-hover\" data-token-index=\"13\">1782<\/span><\/strong><\/li>\n<\/ul>\n<p>[\/vc_column_text][vc_empty_space][vc_single_image image=&#8221;5097&#8243; img_size=&#8221;large&#8221; style=&#8221;vc_box_shadow&#8221;][vc_empty_space][vc_single_image image=&#8221;5098&#8243; img_size=&#8221;large&#8221; style=&#8221;vc_box_shadow&#8221;][vc_empty_space][vc_column_text]<\/p>\n<h5><strong>Etape 3<br \/>\n<\/strong><\/h5>\n<p>Sauvegardez vos modifications en bas \u00e0 droite de la page sur le bouton <span class=\"notion-enable-hover\" data-token-index=\"1\">Save changes<\/span><!-- notionvc: c9df7518-80d7-4902-b183-51db25119ea6 --><!-- notionvc: 663dc610-dad7-40d6-a14a-8a91ff240b96 --><!-- notionvc: df7cfa03-e6b5-4661-bd48-67e372d76139 -->[\/vc_column_text][vc_empty_space][vc_single_image image=&#8221;4304&#8243; img_size=&#8221;large&#8221;][vc_empty_space][vc_column_text]<\/p>\n<h5><strong>Etape 4<br \/>\n<\/strong><\/h5>\n<ul>\n<li>Rendez-vous dans le menu <strong>Network<\/strong>, troisi\u00e8me ic\u00f4ne en partant du haut sur le menu lat\u00e9ral<!-- notionvc: c9df7518-80d7-4902-b183-51db25119ea6 --><!-- notionvc: 663dc610-dad7-40d6-a14a-8a91ff240b96 --><!-- notionvc: df7cfa03-e6b5-4661-bd48-67e372d76139 --><\/li>\n<li>Rendez-vous dans <strong>Settings<\/strong> du r\u00e9seau <strong>Ethernet<\/strong><\/li>\n<li>Renseignez l<strong>&#8216;adresse IP de la Multitech<\/strong> avec laquelle la RAK communique puis faites <strong>ADD<\/strong><\/li>\n<li>Retirez le ping \u00e0 l&#8217;adresse 8.8.8.8 puis sauvegardez<\/li>\n<\/ul>\n<p>[\/vc_column_text][vc_empty_space][vc_single_image image=&#8221;5112&#8243; img_size=&#8221;large&#8221;][vc_empty_space][vc_single_image image=&#8221;5113&#8243; img_size=&#8221;large&#8221;][vc_empty_space][vc_column_text]<\/p>\n<h5><strong>Etape 5<br \/>\n<\/strong><\/h5>\n<ul>\n<li>Rendez-vous dans le menu <strong>Settings<\/strong>, cinqui\u00e8me ic\u00f4ne en partant du haut sur le menu lat\u00e9ral<!-- notionvc: c9df7518-80d7-4902-b183-51db25119ea6 --><!-- notionvc: 663dc610-dad7-40d6-a14a-8a91ff240b96 --><!-- notionvc: df7cfa03-e6b5-4661-bd48-67e372d76139 --><\/li>\n<li>Rendez-vous dans <b>Time synchronization\u00a0<\/b><\/li>\n<li>Renseignez l<strong>&#8216;adresse du\/des serveur(s) NTP autoris\u00e9(s) sur votre r\u00e9seau<\/strong><\/li>\n<li>Retirez les lignes inutiles<\/li>\n<li>Faites <strong>Save<\/strong><\/li>\n<\/ul>\n<p>[\/vc_column_text][vc_empty_space][vc_single_image image=&#8221;5202&#8243; img_size=&#8221;large&#8221; style=&#8221;vc_box_shadow&#8221;][vc_empty_space][vc_empty_space][vc_column_text]<\/p>\n<h2><strong>Annexe<\/strong><\/h2>\n<h5>V\u00e9rification du forwarding<!-- notionvc: c9df7518-80d7-4902-b183-51db25119ea6 --><!-- notionvc: 663dc610-dad7-40d6-a14a-8a91ff240b96 --><!-- notionvc: df7cfa03-e6b5-4661-bd48-67e372d76139 --><\/h5>\n<ul>\n<li>Depuis l\u2019onglet de <span class=\"notion-enable-hover\" data-token-index=\"1\"><strong>diagnostics<\/strong> <\/span>de la WisGate vous pourrez voir les <span class=\"notion-enable-hover\" data-token-index=\"3\">logs <\/span>de forwarding des packets. Ils contiennent &#8220;<strong><span class=\"notion-enable-hover\" data-token-index=\"5\">lora_pkt_fwd[\u2026<\/span><\/strong>\u201d<!-- notionvc: 5a003db0-9525-44e6-ac68-f7ee702f86da --><\/li>\n<\/ul>\n<p>[\/vc_column_text][vc_empty_space][vc_single_image image=&#8221;5106&#8243; img_size=&#8221;large&#8221; style=&#8221;vc_box_shadow&#8221;][vc_empty_space][\/vc_column][\/vc_row]<\/p>\n<\/div>","protected":false},"excerpt":{"rendered":"<p>[vc_row full_width=&#8221;stretch_row&#8221; enable_grid_lines=&#8221;&#8221;][vc_column][vc_column_text css=&#8221;&#8221;] Extension LoRa [\/vc_column_text][vc_empty_space][vc_column_text] Pr\u00e9sentation [\/vc_column_text][vc_column_text]La RAK WisGate Edge lite 2 permet de venir compl\u00e9ter votre solution Ewattch pour faire office de packet forwarder afin d&#8217;\u00e9tendre la couverture LoraWan d&#8217;une Multitech Ewattch[\/vc_column_text][vc_column_text] Pr\u00e9-requis [\/vc_column_text][vc_column_text] N\u00e9cessaire pour l&#8217;extension [&hellip;]<\/p>\n","protected":false},"author":3,"featured_media":0,"parent":0,"menu_order":0,"comment_status":"closed","ping_status":"closed","template":"","meta":{"footnotes":""},"class_list":["post-4302","page","type-page","status-publish","hentry"],"_links":{"self":[{"href":"https:\/\/ewattch-documentation.com\/index.php?rest_route=\/wp\/v2\/pages\/4302","targetHints":{"allow":["GET"]}}],"collection":[{"href":"https:\/\/ewattch-documentation.com\/index.php?rest_route=\/wp\/v2\/pages"}],"about":[{"href":"https:\/\/ewattch-documentation.com\/index.php?rest_route=\/wp\/v2\/types\/page"}],"author":[{"embeddable":true,"href":"https:\/\/ewattch-documentation.com\/index.php?rest_route=\/wp\/v2\/users\/3"}],"replies":[{"embeddable":true,"href":"https:\/\/ewattch-documentation.com\/index.php?rest_route=%2Fwp%2Fv2%2Fcomments&post=4302"}],"version-history":[{"count":55,"href":"https:\/\/ewattch-documentation.com\/index.php?rest_route=\/wp\/v2\/pages\/4302\/revisions"}],"predecessor-version":[{"id":6947,"href":"https:\/\/ewattch-documentation.com\/index.php?rest_route=\/wp\/v2\/pages\/4302\/revisions\/6947"}],"wp:attachment":[{"href":"https:\/\/ewattch-documentation.com\/index.php?rest_route=%2Fwp%2Fv2%2Fmedia&parent=4302"}],"curies":[{"name":"wp","href":"https:\/\/api.w.org\/{rel}","templated":true}]}}