{"id":2101,"date":"2023-10-20T11:28:00","date_gmt":"2023-10-20T09:28:00","guid":{"rendered":"https:\/\/beta.ewattch-documentation.com\/?page_id=2101"},"modified":"2023-10-20T11:28:44","modified_gmt":"2023-10-20T09:28:44","slug":"mentions-legales","status":"publish","type":"page","link":"https:\/\/ewattch-documentation.com\/?page_id=2101","title":{"rendered":"Mentions l\u00e9gales"},"content":{"rendered":"\n<p>SARL au capital de 110&nbsp;000\u20ac<br><strong>Adresse<\/strong>&nbsp;: 13 rue Maurice Jeandon<br>88100 Saint-Di\u00e9-des-Vosges, France<\/p>\n\n\n\n<p><strong>Email<\/strong>&nbsp;:<a href=\"mailto:plasturgie@ewattch.fr?subject=Contact\">sales@ewattch.fr<\/a><br><strong>T\u00e9l\u00e9phone<\/strong>&nbsp;: +33(0)3.29.57.75.97<\/p>\n\n\n\n<p><strong>Site web<\/strong> : www.ewattch-documentation.com<\/p>\n\n\n\n<p><strong>Num\u00e9ro SIRET<\/strong>&nbsp;: 75060624600031<br><strong>Num\u00e9ro SIREN<\/strong>&nbsp;: 750&nbsp;606&nbsp;246 \u00c9PINAL<\/p>\n\n\n\n<p><strong>Responsable de la publication et de la r\u00e9daction<\/strong>&nbsp;:<br>Charl\u00e8ne COMTE, Directrice Marketing&nbsp;<\/p>\n\n\n\n<p><strong>Nom de domaine et h\u00e9bergement :&nbsp;<\/strong><br><em>OVH&nbsp;<\/em><br>2 rue Kellermann,&nbsp;<br>59100 Roubaix \u2013 France<\/p>\n\n\n\n<p>&nbsp;<\/p>\n","protected":false},"excerpt":{"rendered":"<p>SARL au capital de 110&nbsp;000\u20acAdresse&nbsp;: 13 rue Maurice Jeandon88100 Saint-Di\u00e9-des-Vosges, France Email&nbsp;:sales@ewattch.frT\u00e9l\u00e9phone&nbsp;: +33(0)3.29.57.75.97 Site web : www.ewattch-documentation.com Num\u00e9ro SIRET&nbsp;: 75060624600031Num\u00e9ro SIREN&nbsp;: 750&nbsp;606&nbsp;246 \u00c9PINAL Responsable de la publication et de la r\u00e9daction&nbsp;:Charl\u00e8ne COMTE, Directrice Marketing&nbsp; Nom de domaine et h\u00e9bergement :&nbsp;OVH&nbsp;2 [&hellip;]<\/p>\n","protected":false},"author":1,"featured_media":0,"parent":0,"menu_order":0,"comment_status":"closed","ping_status":"closed","template":"","meta":{"footnotes":""},"class_list":["post-2101","page","type-page","status-publish","hentry"],"_links":{"self":[{"href":"https:\/\/ewattch-documentation.com\/index.php?rest_route=\/wp\/v2\/pages\/2101","targetHints":{"allow":["GET"]}}],"collection":[{"href":"https:\/\/ewattch-documentation.com\/index.php?rest_route=\/wp\/v2\/pages"}],"about":[{"href":"https:\/\/ewattch-documentation.com\/index.php?rest_route=\/wp\/v2\/types\/page"}],"author":[{"embeddable":true,"href":"https:\/\/ewattch-documentation.com\/index.php?rest_route=\/wp\/v2\/users\/1"}],"replies":[{"embeddable":true,"href":"https:\/\/ewattch-documentation.com\/index.php?rest_route=%2Fwp%2Fv2%2Fcomments&post=2101"}],"version-history":[{"count":1,"href":"https:\/\/ewattch-documentation.com\/index.php?rest_route=\/wp\/v2\/pages\/2101\/revisions"}],"predecessor-version":[{"id":2102,"href":"https:\/\/ewattch-documentation.com\/index.php?rest_route=\/wp\/v2\/pages\/2101\/revisions\/2102"}],"wp:attachment":[{"href":"https:\/\/ewattch-documentation.com\/index.php?rest_route=%2Fwp%2Fv2%2Fmedia&parent=2101"}],"curies":[{"name":"wp","href":"https:\/\/api.w.org\/{rel}","templated":true}]}}